{"id":950,"date":"2026-02-27T18:16:28","date_gmt":"2026-02-27T17:16:28","guid":{"rendered":"https:\/\/www.simonholy.com\/?page_id=950"},"modified":"2026-02-27T18:16:29","modified_gmt":"2026-02-27T17:16:29","slug":"zrcadla-ve-tme","status":"publish","type":"page","link":"https:\/\/www.simonholy.com\/en\/zrcadla-ve-tme\/","title":{"rendered":"Mirrors in the Dark"},"content":{"rendered":"<h1 class=\"wp-block-heading\" style=\"padding-top:0px;padding-right:var(--wp--preset--spacing--30);padding-bottom:0;padding-left:var(--wp--preset--spacing--30)\"><strong>Mirrors in the Dark<\/strong><\/h1>\n\n\n\n<div class=\"wp-block-group is-style-default is-nowrap is-layout-flex wp-container-core-group-is-layout-5f376930 wp-block-group-is-layout-flex\" style=\"margin-top:0;margin-bottom:0;padding-right:0;padding-left:0\">\n<div class=\"wp-block-group is-horizontal is-layout-flex wp-block-group-is-layout-flex\" style=\"padding-right:var(--wp--preset--spacing--30);padding-left:var(--wp--preset--spacing--30)\">\n<p>2021<\/p>\n<\/div>\n<\/div>\n\n\n\n<div class=\"wp-block-group has-global-padding is-layout-constrained wp-container-core-group-is-layout-dcab3d09 wp-block-group-is-layout-constrained\" style=\"padding-top:0;padding-right:var(--wp--preset--spacing--30);padding-bottom:0;padding-left:var(--wp--preset--spacing--30)\">\n<hr class=\"wp-block-separator has-text-color has-contrast-color has-alpha-channel-opacity has-contrast-background-color has-background is-style-wide is-style-wide--1\"\/>\n<\/div>\n\n\n\n<div class=\"wp-block-group has-global-padding is-layout-constrained wp-container-core-group-is-layout-ff778368 wp-block-group-is-layout-constrained\" style=\"padding-right:var(--wp--preset--spacing--30);padding-left:var(--wp--preset--spacing--30)\">\n<div class=\"wp-block-cover alignwide\" style=\"padding-right:var(--wp--preset--spacing--30);padding-left:var(--wp--preset--spacing--30);min-height:430px;aspect-ratio:unset;\"><img loading=\"lazy\" decoding=\"async\" width=\"1467\" height=\"825\" sizes=\"auto, (max-width: 799px) 200vw, (max-width: 1467px) 100vw, 1467px\" class=\"wp-block-cover__image-background wp-image-126 size-full\" alt=\"\" src=\"https:\/\/www.simonholy.com\/wp-content\/uploads\/2025\/11\/zrcadlavetme.png\" data-object-fit=\"cover\" srcset=\"https:\/\/www.simonholy.com\/wp-content\/uploads\/2025\/11\/zrcadlavetme.png 1467w, https:\/\/www.simonholy.com\/wp-content\/uploads\/2025\/11\/zrcadlavetme-300x169.png 300w, https:\/\/www.simonholy.com\/wp-content\/uploads\/2025\/11\/zrcadlavetme-1024x576.png 1024w, https:\/\/www.simonholy.com\/wp-content\/uploads\/2025\/11\/zrcadlavetme-768x432.png 768w\" \/><span aria-hidden=\"true\" class=\"wp-block-cover__background has-background-dim-0 has-background-dim\"><\/span><div class=\"wp-block-cover__inner-container is-layout-flow wp-block-cover-is-layout-flow\">\n<div style=\"height:var(--wp--preset--spacing--20)\" aria-hidden=\"true\" class=\"wp-block-spacer\"><\/div>\n<\/div><\/div>\n<\/div>\n\n\n\n<p class=\"has-medium-font-size\" style=\"padding-right:var(--wp--preset--spacing--30);padding-left:var(--wp--preset--spacing--30)\">Dancer Marie (Alena Dol\u00e1kov\u00e1) and her boyfriend Franti\u0161ek try to save their relationship by answering 36 questions that scientists say will make you fall in love with anyone. But newly 30-year-old Marie has other, more important questions on her mind. Is it worth pursuing a career in which she'll never reach the top? Can she overcome her fear of mediocrity and be happy with herself? Will her mother ever stop speaking into her life? And most importantly, is her relationship even worth saving? In his formally distinctive feature debut, \u0160imon Hol\u00fd brings an unprecedentedly authentic look at the relationships, dreams and worries of today's people in their thirties.<\/p>\n\n\n\n<div class=\"wp-block-group has-global-padding is-layout-constrained wp-container-core-group-is-layout-dcab3d09 wp-block-group-is-layout-constrained\" style=\"padding-top:0;padding-right:var(--wp--preset--spacing--30);padding-bottom:0;padding-left:var(--wp--preset--spacing--30)\">\n<hr class=\"wp-block-separator has-text-color has-contrast-color has-alpha-channel-opacity has-contrast-background-color has-background is-style-wide is-style-wide--2\"\/>\n<\/div>\n\n\n\n<div class=\"wp-block-group is-layout-flow wp-block-group-is-layout-flow\" style=\"padding-right:var(--wp--preset--spacing--30);padding-left:var(--wp--preset--spacing--30)\">\n<div data-wp-context=\"{ &quot;autoclose&quot;: false, &quot;accordionItems&quot;: [] }\" data-wp-interactive=\"core\/accordion\" role=\"group\" class=\"wp-block-accordion is-layout-flow wp-block-accordion-is-layout-flow\" style=\"border-style:none;border-width:0px;border-top-left-radius:0px;border-top-right-radius:0px;border-bottom-left-radius:0px;border-bottom-right-radius:0px;padding-right:0;padding-left:0\">\n<div data-wp-class--is-open=\"state.isOpen\" data-wp-context=\"{ &quot;id&quot;: &quot;accordion-item-3&quot;, &quot;openByDefault&quot;: false }\" data-wp-init=\"callbacks.initAccordionItems\" data-wp-on-window--hashchange=\"callbacks.hashChange\" class=\"wp-block-accordion-item is-layout-flow wp-block-accordion-item-is-layout-flow\">\n<h3 class=\"wp-block-accordion-heading\"><button aria-expanded=\"false\" aria-controls=\"accordion-item-3-panel\" data-wp-bind--aria-expanded=\"state.isOpen\" data-wp-on--click=\"actions.toggle\" data-wp-on--keydown=\"actions.handleKeyDown\" id=\"accordion-item-3\" type=\"button\" class=\"wp-block-accordion-heading__toggle\"><span class=\"wp-block-accordion-heading__toggle-icon\" aria-hidden=\"true\">+<\/span><span class=\"wp-block-accordion-heading__toggle-title\">Basic information<\/span><\/button><\/h3>\n\n\n\n<div inert aria-labelledby=\"accordion-item-3\" data-wp-bind--inert=\"!state.isOpen\" id=\"accordion-item-3-panel\" role=\"region\" class=\"wp-block-accordion-panel is-layout-flow wp-block-accordion-panel-is-layout-flow\">\n<p>Feature Film<br>2021<br>85 minutes<br>DCP<br>1,85:1<\/p>\n<\/div>\n<\/div>\n\n\n\n<div data-wp-class--is-open=\"state.isOpen\" data-wp-context=\"{ &quot;id&quot;: &quot;accordion-item-4&quot;, &quot;openByDefault&quot;: false }\" data-wp-init=\"callbacks.initAccordionItems\" data-wp-on-window--hashchange=\"callbacks.hashChange\" class=\"wp-block-accordion-item is-layout-flow wp-block-accordion-item-is-layout-flow\">\n<h3 class=\"wp-block-accordion-heading\"><button aria-expanded=\"false\" aria-controls=\"accordion-item-4-panel\" data-wp-bind--aria-expanded=\"state.isOpen\" data-wp-on--click=\"actions.toggle\" data-wp-on--keydown=\"actions.handleKeyDown\" id=\"accordion-item-4\" type=\"button\" class=\"wp-block-accordion-heading__toggle\"><span class=\"wp-block-accordion-heading__toggle-icon\" aria-hidden=\"true\">+<\/span><span class=\"wp-block-accordion-heading__toggle-title\">Trailer<\/span><\/button><\/h3>\n\n\n\n<div inert aria-labelledby=\"accordion-item-4\" data-wp-bind--inert=\"!state.isOpen\" id=\"accordion-item-4-panel\" role=\"region\" class=\"wp-block-accordion-panel is-layout-flow wp-block-accordion-panel-is-layout-flow\">\n<figure class=\"wp-block-embed is-type-video is-provider-youtube wp-block-embed-youtube wp-embed-aspect-16-9 wp-has-aspect-ratio\"><div class=\"wp-block-embed__wrapper\">\n<iframe loading=\"lazy\" title=\"Zrcadla ve tm\u011b (Trailer)\" width=\"500\" height=\"281\" src=\"https:\/\/www.youtube.com\/embed\/rEGqA7QEGs8?feature=oembed\" frameborder=\"0\" allow=\"accelerometer; autoplay; clipboard-write; encrypted-media; gyroscope; picture-in-picture; web-share\" referrerpolicy=\"strict-origin-when-cross-origin\" allowfullscreen><\/iframe>\n<\/div><\/figure>\n<\/div>\n<\/div>\n\n\n\n<div data-wp-class--is-open=\"state.isOpen\" data-wp-context=\"{ &quot;id&quot;: &quot;accordion-item-6&quot;, &quot;openByDefault&quot;: false }\" data-wp-init=\"callbacks.initAccordionItems\" data-wp-on-window--hashchange=\"callbacks.hashChange\" class=\"wp-block-accordion-item is-layout-flow wp-block-accordion-item-is-layout-flow\">\n<h3 class=\"wp-block-accordion-heading\"><button aria-expanded=\"false\" aria-controls=\"accordion-item-6-panel\" data-wp-bind--aria-expanded=\"state.isOpen\" data-wp-on--click=\"actions.toggle\" data-wp-on--keydown=\"actions.handleKeyDown\" id=\"accordion-item-6\" type=\"button\" class=\"wp-block-accordion-heading__toggle\"><span class=\"wp-block-accordion-heading__toggle-icon\" aria-hidden=\"true\">+<\/span><span class=\"wp-block-accordion-heading__toggle-title\">Gallery<\/span><\/button><\/h3>\n\n\n\n<div inert aria-labelledby=\"accordion-item-6\" data-wp-bind--inert=\"!state.isOpen\" id=\"accordion-item-6-panel\" role=\"region\" class=\"wp-block-accordion-panel is-layout-flow wp-block-accordion-panel-is-layout-flow\">\n<figure class=\"wp-block-gallery has-nested-images columns-1 is-cropped wp-block-gallery-5 is-layout-flex wp-block-gallery-is-layout-flex\">\n<figure class=\"wp-block-image size-full\"><img loading=\"lazy\" decoding=\"async\" width=\"1467\" height=\"1100\" data-id=\"364\" src=\"https:\/\/www.simonholy.com\/wp-content\/uploads\/2026\/01\/zrcadlavetme01.png\" alt=\"\" class=\"wp-image-364\" srcset=\"https:\/\/www.simonholy.com\/wp-content\/uploads\/2026\/01\/zrcadlavetme01.png 1467w, https:\/\/www.simonholy.com\/wp-content\/uploads\/2026\/01\/zrcadlavetme01-300x225.png 300w, https:\/\/www.simonholy.com\/wp-content\/uploads\/2026\/01\/zrcadlavetme01-1024x768.png 1024w, https:\/\/www.simonholy.com\/wp-content\/uploads\/2026\/01\/zrcadlavetme01-768x576.png 768w\" sizes=\"auto, (max-width: 1467px) 100vw, 1467px\" \/><\/figure>\n\n\n\n<figure class=\"wp-block-image size-full\"><img loading=\"lazy\" decoding=\"async\" width=\"1467\" height=\"1100\" data-id=\"365\" src=\"https:\/\/www.simonholy.com\/wp-content\/uploads\/2026\/01\/zrcadlavetme02.png\" alt=\"\" class=\"wp-image-365\" srcset=\"https:\/\/www.simonholy.com\/wp-content\/uploads\/2026\/01\/zrcadlavetme02.png 1467w, https:\/\/www.simonholy.com\/wp-content\/uploads\/2026\/01\/zrcadlavetme02-300x225.png 300w, https:\/\/www.simonholy.com\/wp-content\/uploads\/2026\/01\/zrcadlavetme02-1024x768.png 1024w, https:\/\/www.simonholy.com\/wp-content\/uploads\/2026\/01\/zrcadlavetme02-768x576.png 768w\" sizes=\"auto, (max-width: 1467px) 100vw, 1467px\" \/><\/figure>\n\n\n\n<figure class=\"wp-block-image size-full\"><img loading=\"lazy\" decoding=\"async\" width=\"1467\" height=\"1100\" data-id=\"366\" src=\"https:\/\/www.simonholy.com\/wp-content\/uploads\/2026\/01\/zrcadlavetme03.png\" alt=\"\" class=\"wp-image-366\" srcset=\"https:\/\/www.simonholy.com\/wp-content\/uploads\/2026\/01\/zrcadlavetme03.png 1467w, https:\/\/www.simonholy.com\/wp-content\/uploads\/2026\/01\/zrcadlavetme03-300x225.png 300w, https:\/\/www.simonholy.com\/wp-content\/uploads\/2026\/01\/zrcadlavetme03-1024x768.png 1024w, https:\/\/www.simonholy.com\/wp-content\/uploads\/2026\/01\/zrcadlavetme03-768x576.png 768w\" sizes=\"auto, (max-width: 1467px) 100vw, 1467px\" \/><\/figure>\n\n\n\n<figure class=\"wp-block-image size-full\"><img loading=\"lazy\" decoding=\"async\" width=\"1467\" height=\"1100\" data-id=\"367\" src=\"https:\/\/www.simonholy.com\/wp-content\/uploads\/2026\/01\/zrcadlavetme04.png\" alt=\"\" class=\"wp-image-367\" srcset=\"https:\/\/www.simonholy.com\/wp-content\/uploads\/2026\/01\/zrcadlavetme04.png 1467w, https:\/\/www.simonholy.com\/wp-content\/uploads\/2026\/01\/zrcadlavetme04-300x225.png 300w, https:\/\/www.simonholy.com\/wp-content\/uploads\/2026\/01\/zrcadlavetme04-1024x768.png 1024w, https:\/\/www.simonholy.com\/wp-content\/uploads\/2026\/01\/zrcadlavetme04-768x576.png 768w\" sizes=\"auto, (max-width: 1467px) 100vw, 1467px\" \/><\/figure>\n\n\n\n<figure class=\"wp-block-image size-full\"><img loading=\"lazy\" decoding=\"async\" width=\"1467\" height=\"1100\" data-id=\"368\" src=\"https:\/\/www.simonholy.com\/wp-content\/uploads\/2026\/01\/zrcadlavetme05.png\" alt=\"\" class=\"wp-image-368\" srcset=\"https:\/\/www.simonholy.com\/wp-content\/uploads\/2026\/01\/zrcadlavetme05.png 1467w, https:\/\/www.simonholy.com\/wp-content\/uploads\/2026\/01\/zrcadlavetme05-300x225.png 300w, https:\/\/www.simonholy.com\/wp-content\/uploads\/2026\/01\/zrcadlavetme05-1024x768.png 1024w, https:\/\/www.simonholy.com\/wp-content\/uploads\/2026\/01\/zrcadlavetme05-768x576.png 768w\" sizes=\"auto, (max-width: 1467px) 100vw, 1467px\" \/><\/figure>\n\n\n\n<figure class=\"wp-block-image size-full\"><img loading=\"lazy\" decoding=\"async\" width=\"1467\" height=\"1100\" data-id=\"369\" src=\"https:\/\/www.simonholy.com\/wp-content\/uploads\/2026\/01\/zrcadlavetme06.png\" alt=\"\" class=\"wp-image-369\" srcset=\"https:\/\/www.simonholy.com\/wp-content\/uploads\/2026\/01\/zrcadlavetme06.png 1467w, https:\/\/www.simonholy.com\/wp-content\/uploads\/2026\/01\/zrcadlavetme06-300x225.png 300w, https:\/\/www.simonholy.com\/wp-content\/uploads\/2026\/01\/zrcadlavetme06-1024x768.png 1024w, https:\/\/www.simonholy.com\/wp-content\/uploads\/2026\/01\/zrcadlavetme06-768x576.png 768w\" sizes=\"auto, (max-width: 1467px) 100vw, 1467px\" \/><\/figure>\n\n\n\n<figure class=\"wp-block-image size-full\"><img loading=\"lazy\" decoding=\"async\" width=\"1467\" height=\"1100\" data-id=\"370\" src=\"https:\/\/www.simonholy.com\/wp-content\/uploads\/2026\/01\/zrcadlavetme07.png\" alt=\"\" class=\"wp-image-370\" srcset=\"https:\/\/www.simonholy.com\/wp-content\/uploads\/2026\/01\/zrcadlavetme07.png 1467w, https:\/\/www.simonholy.com\/wp-content\/uploads\/2026\/01\/zrcadlavetme07-300x225.png 300w, https:\/\/www.simonholy.com\/wp-content\/uploads\/2026\/01\/zrcadlavetme07-1024x768.png 1024w, https:\/\/www.simonholy.com\/wp-content\/uploads\/2026\/01\/zrcadlavetme07-768x576.png 768w\" sizes=\"auto, (max-width: 1467px) 100vw, 1467px\" \/><\/figure>\n\n\n\n<figure class=\"wp-block-image size-full\"><img loading=\"lazy\" decoding=\"async\" width=\"1467\" height=\"1100\" data-id=\"371\" src=\"https:\/\/www.simonholy.com\/wp-content\/uploads\/2026\/01\/zrcadlavetme08.png\" alt=\"\" class=\"wp-image-371\" srcset=\"https:\/\/www.simonholy.com\/wp-content\/uploads\/2026\/01\/zrcadlavetme08.png 1467w, https:\/\/www.simonholy.com\/wp-content\/uploads\/2026\/01\/zrcadlavetme08-300x225.png 300w, https:\/\/www.simonholy.com\/wp-content\/uploads\/2026\/01\/zrcadlavetme08-1024x768.png 1024w, https:\/\/www.simonholy.com\/wp-content\/uploads\/2026\/01\/zrcadlavetme08-768x576.png 768w\" sizes=\"auto, (max-width: 1467px) 100vw, 1467px\" \/><\/figure>\n\n\n\n<figure class=\"wp-block-image size-full\"><img loading=\"lazy\" decoding=\"async\" width=\"1467\" height=\"1100\" data-id=\"372\" src=\"https:\/\/www.simonholy.com\/wp-content\/uploads\/2026\/01\/zrcadlavetme09.png\" alt=\"\" class=\"wp-image-372\" srcset=\"https:\/\/www.simonholy.com\/wp-content\/uploads\/2026\/01\/zrcadlavetme09.png 1467w, https:\/\/www.simonholy.com\/wp-content\/uploads\/2026\/01\/zrcadlavetme09-300x225.png 300w, https:\/\/www.simonholy.com\/wp-content\/uploads\/2026\/01\/zrcadlavetme09-1024x768.png 1024w, https:\/\/www.simonholy.com\/wp-content\/uploads\/2026\/01\/zrcadlavetme09-768x576.png 768w\" sizes=\"auto, (max-width: 1467px) 100vw, 1467px\" \/><\/figure>\n<\/figure>\n<\/div>\n<\/div>\n\n\n\n<div data-wp-class--is-open=\"state.isOpen\" data-wp-context=\"{ &quot;id&quot;: &quot;accordion-item-7&quot;, &quot;openByDefault&quot;: false }\" data-wp-init=\"callbacks.initAccordionItems\" data-wp-on-window--hashchange=\"callbacks.hashChange\" class=\"wp-block-accordion-item is-layout-flow wp-block-accordion-item-is-layout-flow\">\n<h3 class=\"wp-block-accordion-heading\"><button aria-expanded=\"false\" aria-controls=\"accordion-item-7-panel\" data-wp-bind--aria-expanded=\"state.isOpen\" data-wp-on--click=\"actions.toggle\" data-wp-on--keydown=\"actions.handleKeyDown\" id=\"accordion-item-7\" type=\"button\" class=\"wp-block-accordion-heading__toggle\"><span class=\"wp-block-accordion-heading__toggle-icon\" aria-hidden=\"true\">+<\/span><span class=\"wp-block-accordion-heading__toggle-title\">Reviews<\/span><\/button><\/h3>\n\n\n\n<div inert aria-labelledby=\"accordion-item-7\" data-wp-bind--inert=\"!state.isOpen\" id=\"accordion-item-7-panel\" role=\"region\" class=\"wp-block-accordion-panel is-layout-flow wp-block-accordion-panel-is-layout-flow\">\n<p><em>\u201eAscetic direction in its brilliant simplicity.\u201c<\/em><br>Mariona Borrull Zapata, El antepen\u00faltimo mohicano<\/p>\n\n\n\n<p><em>\"Hol\u00fd has a musical sense for the rhythm of the film image and what is happening in it.\"<\/em><br>Jind\u0159i\u0161ka Bl\u00e1hov\u00e1, Respekt<\/p>\n\n\n\n<p><em>\"The selfless conceptual consistency makes Mirrors in the Dark such a distinctive and bold debut.\"<\/em><br>Martin \u0160rajer, A2larm<\/p>\n<\/div>\n<\/div>\n\n\n\n<div data-wp-class--is-open=\"state.isOpen\" data-wp-context=\"{ &quot;id&quot;: &quot;accordion-item-8&quot;, &quot;openByDefault&quot;: false }\" data-wp-init=\"callbacks.initAccordionItems\" data-wp-on-window--hashchange=\"callbacks.hashChange\" class=\"wp-block-accordion-item is-layout-flow wp-block-accordion-item-is-layout-flow\">\n<h3 class=\"wp-block-accordion-heading\"><button aria-expanded=\"false\" aria-controls=\"accordion-item-8-panel\" data-wp-bind--aria-expanded=\"state.isOpen\" data-wp-on--click=\"actions.toggle\" data-wp-on--keydown=\"actions.handleKeyDown\" id=\"accordion-item-8\" type=\"button\" class=\"wp-block-accordion-heading__toggle\"><span class=\"wp-block-accordion-heading__toggle-icon\" aria-hidden=\"true\">+<\/span><span class=\"wp-block-accordion-heading__toggle-title\">Awards<\/span><\/button><\/h3>\n\n\n\n<div inert aria-labelledby=\"accordion-item-8\" data-wp-bind--inert=\"!state.isOpen\" id=\"accordion-item-8-panel\" role=\"region\" class=\"wp-block-accordion-panel is-layout-flow wp-block-accordion-panel-is-layout-flow\">\n<p><strong>2 nominations for the Czech Film Critics Awards 2022:<\/strong><br>Alena Dol\u00e1kov\u00e1 (Best Actress)<br>\u0160imon Hol\u00fd (Best Newcomer)<\/p>\n<\/div>\n<\/div>\n\n\n\n<div data-wp-class--is-open=\"state.isOpen\" data-wp-context=\"{ &quot;id&quot;: &quot;accordion-item-9&quot;, &quot;openByDefault&quot;: false }\" data-wp-init=\"callbacks.initAccordionItems\" data-wp-on-window--hashchange=\"callbacks.hashChange\" class=\"wp-block-accordion-item is-layout-flow wp-block-accordion-item-is-layout-flow\">\n<h3 class=\"wp-block-accordion-heading\"><button aria-expanded=\"false\" aria-controls=\"accordion-item-9-panel\" data-wp-bind--aria-expanded=\"state.isOpen\" data-wp-on--click=\"actions.toggle\" data-wp-on--keydown=\"actions.handleKeyDown\" id=\"accordion-item-9\" type=\"button\" class=\"wp-block-accordion-heading__toggle\"><span class=\"wp-block-accordion-heading__toggle-icon\" aria-hidden=\"true\">+<\/span><span class=\"wp-block-accordion-heading__toggle-title\">Festivals<\/span><\/button><\/h3>\n\n\n\n<div inert aria-labelledby=\"accordion-item-9\" data-wp-bind--inert=\"!state.isOpen\" id=\"accordion-item-9-panel\" role=\"region\" class=\"wp-block-accordion-panel is-layout-flow wp-block-accordion-panel-is-layout-flow\">\n<p><strong>Karlovy Vary International Film Festival 2021<\/strong><br>East of the West Competition<\/p>\n\n\n\n<p><strong>Kolkata International Film Festival 2022<\/strong><br>International Competition: Innovation in Moving Images<\/p>\n\n\n\n<p><strong>Pune International Film Festival 2022<\/strong><br>World Competition<\/p>\n\n\n\n<p><strong>FIC.UBA 2023<\/strong><br>Competencia Internacional de largometrajes<\/p>\n\n\n\n<p><strong>Yashwant International Film Festival 2022<\/strong><br>World Competition<\/p>\n\n\n\n<p><strong>Nisa Film Festival 2022<\/strong><br>Feature Film Competition<\/p>\n\n\n\n<p><strong>Fin\u00e1le Plze\u0148 2021<\/strong><br>Main Competition<\/p>\n\n\n\n<p><strong>Ostrava Kamera Oko 2021<\/strong><\/p>\n\n\n\n<p><strong>Cin\u00e9ast 2021<\/strong><\/p>\n\n\n\n<p><strong>Ankara Film Festival 2021<\/strong><\/p>\n\n\n\n<p><strong>Letn\u00ed filmov\u00e1 \u0161kola Uhersk\u00e9 Hradi\u0161t\u011b 2022<\/strong><\/p>\n\n\n\n<p><strong>Bahamas International Film Festival 2023<\/strong><\/p>\n\n\n\n<p><strong>Festival Kino na hranici \/ Kino na Granicy 2023<\/strong><\/p>\n<\/div>\n<\/div>\n\n\n\n<div data-wp-class--is-open=\"state.isOpen\" data-wp-context=\"{ &quot;id&quot;: &quot;accordion-item-10&quot;, &quot;openByDefault&quot;: false }\" data-wp-init=\"callbacks.initAccordionItems\" data-wp-on-window--hashchange=\"callbacks.hashChange\" class=\"wp-block-accordion-item is-layout-flow wp-block-accordion-item-is-layout-flow\">\n<h3 class=\"wp-block-accordion-heading\"><button aria-expanded=\"false\" aria-controls=\"accordion-item-10-panel\" data-wp-bind--aria-expanded=\"state.isOpen\" data-wp-on--click=\"actions.toggle\" data-wp-on--keydown=\"actions.handleKeyDown\" id=\"accordion-item-10\" type=\"button\" class=\"wp-block-accordion-heading__toggle\"><span class=\"wp-block-accordion-heading__toggle-icon\" aria-hidden=\"true\">+<\/span><span class=\"wp-block-accordion-heading__toggle-title\">Team<\/span><\/button><\/h3>\n\n\n\n<div inert aria-labelledby=\"accordion-item-10\" data-wp-bind--inert=\"!state.isOpen\" id=\"accordion-item-10-panel\" role=\"region\" class=\"wp-block-accordion-panel is-layout-flow wp-block-accordion-panel-is-layout-flow\">\n<h4 class=\"wp-block-heading\"><strong>Cast<\/strong><\/h4>\n\n\n\n<p>Alena Dol\u00e1kov\u00e1 (Marie)<br>Bo\u0159ek Joura (Franti\u0161ek)<br>Eli\u0161ka Soukupov\u00e1 (Erika)<br>Mark\u00e9ta Tannerov\u00e1 (Matka)<br>Martin D\u011bdoch (Tom\u00e1\u0161)<br>V\u00e1clav Va\u0161\u00e1k (Choreograf)<\/p>\n\n\n\n<p>Dancers:<br>Viktor Bukovy, Matthias Deneux, Barbora Je\u0161utov\u00e1, Jan Homola, Kamila Mottlov\u00e1, Krist\u00fdna \u0160tarhov\u00e1, Tereza Votavov\u00e1<\/p>\n\n\n\n<p>Voices in the performance:<br>So\u0148a Beaumont, Denisa Bare\u0161ov\u00e1, Hana \u0158i\u010dicov\u00e1, V\u00edtek Svoboda, V\u00e1clav \u0160anda<\/p>\n\n\n\n<h4 class=\"wp-block-heading\"><strong>Creative Team<\/strong><\/h4>\n\n\n\n<p>Director, Screenwriter, Music:<br>\u0160imon Hol\u00fd<\/p>\n\n\n\n<p>Cinematographer:<br>Jana Hojdov\u00e1<\/p>\n\n\n\n<p>Sound Editor:<br>Hana Ka\u0161p\u00e1rek Vy\u0161\u00ednsk\u00e1<\/p>\n\n\n\n<p>Editor:<br>Sabina Mladenov\u00e1<\/p>\n\n\n\n<p>Choreographer:<br>Eli\u0161ka Soukupov\u00e1<\/p>\n\n\n\n<p>Costumes:<br>Ane\u017eka Karasov\u00e1<br>Michaela Kyselov\u00e1<\/p>\n\n\n\n<p>Line Producer:<br>Al\u017eb\u011bta Jan\u00e1\u010dkov\u00e1<\/p>\n\n\n\n<p>Producer:<br>\u0160imon Hol\u00fd (\u0161\u0161\u0161\u0161\u0161Film\/Prvn\u00ed \u0159ada)<\/p>\n\n\n\n<p>Co-producers:<br>Jana Hojdov\u00e1 (Bridge Films)<br>Al\u017eb\u011bta Jan\u00e1\u010dkov\u00e1 (Silk Films)<\/p>\n\n\n\n<h4 class=\"wp-block-heading\"><strong>Distributor v \u010cR<\/strong><\/h4>\n\n\n\n<p>Aerofilms<\/p>\n<\/div>\n<\/div>\n\n\n\n<div data-wp-class--is-open=\"state.isOpen\" data-wp-context=\"{ &quot;id&quot;: &quot;accordion-item-11&quot;, &quot;openByDefault&quot;: false }\" data-wp-init=\"callbacks.initAccordionItems\" data-wp-on-window--hashchange=\"callbacks.hashChange\" class=\"wp-block-accordion-item is-layout-flow wp-block-accordion-item-is-layout-flow\">\n<h3 class=\"wp-block-accordion-heading\"><button aria-expanded=\"false\" aria-controls=\"accordion-item-11-panel\" data-wp-bind--aria-expanded=\"state.isOpen\" data-wp-on--click=\"actions.toggle\" data-wp-on--keydown=\"actions.handleKeyDown\" id=\"accordion-item-11\" type=\"button\" class=\"wp-block-accordion-heading__toggle\"><span class=\"wp-block-accordion-heading__toggle-icon\" aria-hidden=\"true\">+<\/span><span class=\"wp-block-accordion-heading__toggle-title\">Poster<\/span><\/button><\/h3>\n\n\n\n<div inert aria-labelledby=\"accordion-item-11\" data-wp-bind--inert=\"!state.isOpen\" id=\"accordion-item-11-panel\" role=\"region\" class=\"wp-block-accordion-panel is-layout-flow wp-block-accordion-panel-is-layout-flow\">\n<figure class=\"wp-block-image size-large\"><img loading=\"lazy\" decoding=\"async\" width=\"723\" height=\"1024\" src=\"https:\/\/www.simonholy.com\/wp-content\/uploads\/2026\/01\/zrcadlaplakatcesko-1085x1536-1-723x1024.jpg\" alt=\"\" class=\"wp-image-374\" srcset=\"https:\/\/www.simonholy.com\/wp-content\/uploads\/2026\/01\/zrcadlaplakatcesko-1085x1536-1-723x1024.jpg 723w, https:\/\/www.simonholy.com\/wp-content\/uploads\/2026\/01\/zrcadlaplakatcesko-1085x1536-1-212x300.jpg 212w, https:\/\/www.simonholy.com\/wp-content\/uploads\/2026\/01\/zrcadlaplakatcesko-1085x1536-1-768x1087.jpg 768w, https:\/\/www.simonholy.com\/wp-content\/uploads\/2026\/01\/zrcadlaplakatcesko-1085x1536-1.jpg 1085w\" sizes=\"auto, (max-width: 723px) 100vw, 723px\" \/><\/figure>\n<\/div>\n<\/div>\n<\/div>\n<\/div>\n\n\n\n<div class=\"wp-block-group has-global-padding is-layout-constrained wp-container-core-group-is-layout-dcab3d09 wp-block-group-is-layout-constrained\" style=\"padding-top:0;padding-right:var(--wp--preset--spacing--30);padding-bottom:0;padding-left:var(--wp--preset--spacing--30)\">\n<hr class=\"wp-block-separator has-text-color has-contrast-color has-alpha-channel-opacity has-contrast-background-color has-background is-style-wide is-style-wide--12\"\/>\n<\/div>\n\n\n\n<p><\/p>","protected":false},"excerpt":{"rendered":"<p>Zrcadla ve tm\u011b 2021 Tane\u010dnice Marie (Alena Dol\u00e1kov\u00e1) a jej\u00ed p\u0159\u00edtel Franti\u0161ek se sna\u017e\u00ed zachr\u00e1nit sv\u016fj vztah pomoc\u00ed odpov\u011bd\u00ed na 36 ot\u00e1zek, d\u00edky kter\u00fdm se podle v\u011bdc\u016f zamilujete do kohokoliv. Jen\u017ee \u010derstv\u011b t\u0159icetilet\u00e1 Marie m\u00e1 plnou hlavu jin\u00fdch, mnohem d\u016fle\u017eit\u011bj\u0161\u00edch ot\u00e1zek. M\u00e1 cenu pokra\u010dovat v kari\u00e9\u0159e, ve kter\u00e9 nikdy nedos\u00e1hne vrcholu? Dok\u00e1\u017ee p\u0159ekonat sv\u016fj strach [&hellip;]<\/p>","protected":false},"author":1,"featured_media":0,"parent":0,"menu_order":0,"comment_status":"closed","ping_status":"closed","template":"","meta":{"footnotes":""},"class_list":["post-950","page","type-page","status-publish","hentry"],"aioseo_notices":[],"_links":{"self":[{"href":"https:\/\/www.simonholy.com\/en\/wp-json\/wp\/v2\/pages\/950","targetHints":{"allow":["GET"]}}],"collection":[{"href":"https:\/\/www.simonholy.com\/en\/wp-json\/wp\/v2\/pages"}],"about":[{"href":"https:\/\/www.simonholy.com\/en\/wp-json\/wp\/v2\/types\/page"}],"author":[{"embeddable":true,"href":"https:\/\/www.simonholy.com\/en\/wp-json\/wp\/v2\/users\/1"}],"replies":[{"embeddable":true,"href":"https:\/\/www.simonholy.com\/en\/wp-json\/wp\/v2\/comments?post=950"}],"version-history":[{"count":1,"href":"https:\/\/www.simonholy.com\/en\/wp-json\/wp\/v2\/pages\/950\/revisions"}],"predecessor-version":[{"id":951,"href":"https:\/\/www.simonholy.com\/en\/wp-json\/wp\/v2\/pages\/950\/revisions\/951"}],"wp:attachment":[{"href":"https:\/\/www.simonholy.com\/en\/wp-json\/wp\/v2\/media?parent=950"}],"curies":[{"name":"wp","href":"https:\/\/api.w.org\/{rel}","templated":true}]}}