{"id":948,"date":"2026-02-27T18:07:46","date_gmt":"2026-02-27T17:07:46","guid":{"rendered":"https:\/\/www.simonholy.com\/?page_id=948"},"modified":"2026-02-27T18:07:47","modified_gmt":"2026-02-27T17:07:47","slug":"a-pak-prisla-laska","status":"publish","type":"page","link":"https:\/\/www.simonholy.com\/en\/a-pak-prisla-laska\/","title":{"rendered":"And Then There Was Love..."},"content":{"rendered":"<h1 class=\"wp-block-heading\" style=\"padding-top:0px;padding-right:var(--wp--preset--spacing--30);padding-bottom:0;padding-left:var(--wp--preset--spacing--30)\"><strong>And Then There Was Love...<\/strong><\/h1>\n\n\n\n<div class=\"wp-block-group is-style-default is-nowrap is-layout-flex wp-container-core-group-is-layout-5f376930 wp-block-group-is-layout-flex\" style=\"margin-top:0;margin-bottom:0;padding-right:0;padding-left:0\">\n<div class=\"wp-block-group is-horizontal is-layout-flex wp-block-group-is-layout-flex\" style=\"padding-right:var(--wp--preset--spacing--30);padding-left:var(--wp--preset--spacing--30)\">\n<p>2022<\/p>\n<\/div>\n<\/div>\n\n\n\n<div class=\"wp-block-group has-global-padding is-layout-constrained wp-container-core-group-is-layout-dcab3d09 wp-block-group-is-layout-constrained\" style=\"padding-top:0;padding-right:var(--wp--preset--spacing--30);padding-bottom:0;padding-left:var(--wp--preset--spacing--30)\">\n<hr class=\"wp-block-separator has-text-color has-contrast-color has-alpha-channel-opacity has-contrast-background-color has-background is-style-wide is-style-wide--1\"\/>\n<\/div>\n\n\n\n<div class=\"wp-block-group has-global-padding is-layout-constrained wp-container-core-group-is-layout-ff778368 wp-block-group-is-layout-constrained\" style=\"padding-right:var(--wp--preset--spacing--30);padding-left:var(--wp--preset--spacing--30)\">\n<div class=\"wp-block-cover alignwide is-light\" style=\"padding-right:var(--wp--preset--spacing--30);padding-left:var(--wp--preset--spacing--30);min-height:430px;aspect-ratio:unset;\"><img loading=\"lazy\" decoding=\"async\" width=\"1536\" height=\"644\" sizes=\"auto, (max-width: 799px) 200vw, (max-width: 1536px) 100vw, 1536px\" class=\"wp-block-cover__image-background wp-image-123 size-full\" alt=\"\" src=\"https:\/\/www.simonholy.com\/wp-content\/uploads\/2025\/11\/apakprilaslaska.png\" data-object-fit=\"cover\" srcset=\"https:\/\/www.simonholy.com\/wp-content\/uploads\/2025\/11\/apakprilaslaska.png 1536w, https:\/\/www.simonholy.com\/wp-content\/uploads\/2025\/11\/apakprilaslaska-300x126.png 300w, https:\/\/www.simonholy.com\/wp-content\/uploads\/2025\/11\/apakprilaslaska-1024x429.png 1024w, https:\/\/www.simonholy.com\/wp-content\/uploads\/2025\/11\/apakprilaslaska-768x322.png 768w\" \/><span aria-hidden=\"true\" class=\"wp-block-cover__background has-background-dim-0 has-background-dim\"><\/span><div class=\"wp-block-cover__inner-container is-layout-flow wp-block-cover-is-layout-flow\">\n<div style=\"height:var(--wp--preset--spacing--20)\" aria-hidden=\"true\" class=\"wp-block-spacer\"><\/div>\n<\/div><\/div>\n<\/div>\n\n\n\n<p class=\"has-medium-font-size\" style=\"padding-right:var(--wp--preset--spacing--30);padding-left:var(--wp--preset--spacing--30)\">Krist\u00fdna, a sixty year old woman is desperate for love and happiness. She decides to go on a trip with her daughter Sara to see a fortune teller. Through card readings and ancestral therapy sessions more and more problems will bubble out.<\/p>\n\n\n\n<div class=\"wp-block-group has-global-padding is-layout-constrained wp-container-core-group-is-layout-dcab3d09 wp-block-group-is-layout-constrained\" style=\"padding-top:0;padding-right:var(--wp--preset--spacing--30);padding-bottom:0;padding-left:var(--wp--preset--spacing--30)\">\n<hr class=\"wp-block-separator has-text-color has-contrast-color has-alpha-channel-opacity has-contrast-background-color has-background is-style-wide is-style-wide--2\"\/>\n<\/div>\n\n\n\n<div class=\"wp-block-group is-layout-flow wp-block-group-is-layout-flow\" style=\"padding-right:var(--wp--preset--spacing--30);padding-left:var(--wp--preset--spacing--30)\">\n<div data-wp-context=\"{ &quot;autoclose&quot;: false, &quot;accordionItems&quot;: [] }\" data-wp-interactive=\"core\/accordion\" role=\"group\" class=\"wp-block-accordion is-layout-flow wp-block-accordion-is-layout-flow\" style=\"border-style:none;border-width:0px;border-top-left-radius:0px;border-top-right-radius:0px;border-bottom-left-radius:0px;border-bottom-right-radius:0px;padding-right:0;padding-left:0\">\n<div data-wp-class--is-open=\"state.isOpen\" data-wp-context=\"{ &quot;id&quot;: &quot;accordion-item-3&quot;, &quot;openByDefault&quot;: false }\" data-wp-init=\"callbacks.initAccordionItems\" data-wp-on-window--hashchange=\"callbacks.hashChange\" class=\"wp-block-accordion-item is-layout-flow wp-block-accordion-item-is-layout-flow\">\n<h3 class=\"wp-block-accordion-heading\"><button aria-expanded=\"false\" aria-controls=\"accordion-item-3-panel\" data-wp-bind--aria-expanded=\"state.isOpen\" data-wp-on--click=\"actions.toggle\" data-wp-on--keydown=\"actions.handleKeyDown\" id=\"accordion-item-3\" type=\"button\" class=\"wp-block-accordion-heading__toggle\"><span class=\"wp-block-accordion-heading__toggle-icon\" aria-hidden=\"true\">+<\/span><span class=\"wp-block-accordion-heading__toggle-title\">Basic information<\/span><\/button><\/h3>\n\n\n\n<div inert aria-labelledby=\"accordion-item-3\" data-wp-bind--inert=\"!state.isOpen\" id=\"accordion-item-3-panel\" role=\"region\" class=\"wp-block-accordion-panel is-layout-flow wp-block-accordion-panel-is-layout-flow\">\n<p>Feature Film<br>2022<br>84 minut<br>DCP<br>2,35:1<\/p>\n<\/div>\n<\/div>\n\n\n\n<div data-wp-class--is-open=\"state.isOpen\" data-wp-context=\"{ &quot;id&quot;: &quot;accordion-item-4&quot;, &quot;openByDefault&quot;: false }\" data-wp-init=\"callbacks.initAccordionItems\" data-wp-on-window--hashchange=\"callbacks.hashChange\" class=\"wp-block-accordion-item is-layout-flow wp-block-accordion-item-is-layout-flow\">\n<h3 class=\"wp-block-accordion-heading\"><button aria-expanded=\"false\" aria-controls=\"accordion-item-4-panel\" data-wp-bind--aria-expanded=\"state.isOpen\" data-wp-on--click=\"actions.toggle\" data-wp-on--keydown=\"actions.handleKeyDown\" id=\"accordion-item-4\" type=\"button\" class=\"wp-block-accordion-heading__toggle\"><span class=\"wp-block-accordion-heading__toggle-icon\" aria-hidden=\"true\">+<\/span><span class=\"wp-block-accordion-heading__toggle-title\">Trailer<\/span><\/button><\/h3>\n\n\n\n<div inert aria-labelledby=\"accordion-item-4\" data-wp-bind--inert=\"!state.isOpen\" id=\"accordion-item-4-panel\" role=\"region\" class=\"wp-block-accordion-panel is-layout-flow wp-block-accordion-panel-is-layout-flow\">\n<figure class=\"wp-block-embed is-type-video is-provider-youtube wp-block-embed-youtube wp-embed-aspect-16-9 wp-has-aspect-ratio\"><div class=\"wp-block-embed__wrapper\">\n<iframe loading=\"lazy\" title=\"A pak p\u0159i\u0161la l\u00e1ska... (teaser)\" width=\"500\" height=\"281\" src=\"https:\/\/www.youtube.com\/embed\/gjAtS13GfLc?feature=oembed\" frameborder=\"0\" allow=\"accelerometer; autoplay; clipboard-write; encrypted-media; gyroscope; picture-in-picture; web-share\" referrerpolicy=\"strict-origin-when-cross-origin\" allowfullscreen><\/iframe>\n<\/div><\/figure>\n<\/div>\n<\/div>\n\n\n\n<div data-wp-class--is-open=\"state.isOpen\" data-wp-context=\"{ &quot;id&quot;: &quot;accordion-item-6&quot;, &quot;openByDefault&quot;: false }\" data-wp-init=\"callbacks.initAccordionItems\" data-wp-on-window--hashchange=\"callbacks.hashChange\" class=\"wp-block-accordion-item is-layout-flow wp-block-accordion-item-is-layout-flow\">\n<h3 class=\"wp-block-accordion-heading\"><button aria-expanded=\"false\" aria-controls=\"accordion-item-6-panel\" data-wp-bind--aria-expanded=\"state.isOpen\" data-wp-on--click=\"actions.toggle\" data-wp-on--keydown=\"actions.handleKeyDown\" id=\"accordion-item-6\" type=\"button\" class=\"wp-block-accordion-heading__toggle\"><span class=\"wp-block-accordion-heading__toggle-icon\" aria-hidden=\"true\">+<\/span><span class=\"wp-block-accordion-heading__toggle-title\">Gallery<\/span><\/button><\/h3>\n\n\n\n<div inert aria-labelledby=\"accordion-item-6\" data-wp-bind--inert=\"!state.isOpen\" id=\"accordion-item-6-panel\" role=\"region\" class=\"wp-block-accordion-panel is-layout-flow wp-block-accordion-panel-is-layout-flow\">\n<figure class=\"wp-block-gallery has-nested-images columns-1 is-cropped wp-block-gallery-5 is-layout-flex wp-block-gallery-is-layout-flex\">\n<figure class=\"wp-block-image size-full\"><img loading=\"lazy\" decoding=\"async\" width=\"1536\" height=\"644\" data-id=\"123\" src=\"https:\/\/www.simonholy.com\/wp-content\/uploads\/2025\/11\/apakprilaslaska.png\" alt=\"\" class=\"wp-image-123\" srcset=\"https:\/\/www.simonholy.com\/wp-content\/uploads\/2025\/11\/apakprilaslaska.png 1536w, https:\/\/www.simonholy.com\/wp-content\/uploads\/2025\/11\/apakprilaslaska-300x126.png 300w, https:\/\/www.simonholy.com\/wp-content\/uploads\/2025\/11\/apakprilaslaska-1024x429.png 1024w, https:\/\/www.simonholy.com\/wp-content\/uploads\/2025\/11\/apakprilaslaska-768x322.png 768w\" sizes=\"auto, (max-width: 1536px) 100vw, 1536px\" \/><\/figure>\n\n\n\n<figure class=\"wp-block-image size-full\"><img loading=\"lazy\" decoding=\"async\" width=\"1536\" height=\"644\" data-id=\"482\" src=\"https:\/\/www.simonholy.com\/wp-content\/uploads\/2026\/01\/apakprislalaska01.png\" alt=\"\" class=\"wp-image-482\" srcset=\"https:\/\/www.simonholy.com\/wp-content\/uploads\/2026\/01\/apakprislalaska01.png 1536w, https:\/\/www.simonholy.com\/wp-content\/uploads\/2026\/01\/apakprislalaska01-300x126.png 300w, https:\/\/www.simonholy.com\/wp-content\/uploads\/2026\/01\/apakprislalaska01-1024x429.png 1024w, https:\/\/www.simonholy.com\/wp-content\/uploads\/2026\/01\/apakprislalaska01-768x322.png 768w\" sizes=\"auto, (max-width: 1536px) 100vw, 1536px\" \/><\/figure>\n\n\n\n<figure class=\"wp-block-image size-full\"><img loading=\"lazy\" decoding=\"async\" width=\"1536\" height=\"644\" data-id=\"483\" src=\"https:\/\/www.simonholy.com\/wp-content\/uploads\/2026\/01\/apakprislalaska03.png\" alt=\"\" class=\"wp-image-483\" srcset=\"https:\/\/www.simonholy.com\/wp-content\/uploads\/2026\/01\/apakprislalaska03.png 1536w, https:\/\/www.simonholy.com\/wp-content\/uploads\/2026\/01\/apakprislalaska03-300x126.png 300w, https:\/\/www.simonholy.com\/wp-content\/uploads\/2026\/01\/apakprislalaska03-1024x429.png 1024w, https:\/\/www.simonholy.com\/wp-content\/uploads\/2026\/01\/apakprislalaska03-768x322.png 768w\" sizes=\"auto, (max-width: 1536px) 100vw, 1536px\" \/><\/figure>\n\n\n\n<figure class=\"wp-block-image size-full\"><img loading=\"lazy\" decoding=\"async\" width=\"1536\" height=\"644\" data-id=\"484\" src=\"https:\/\/www.simonholy.com\/wp-content\/uploads\/2026\/01\/apakprislalaska04.png\" alt=\"\" class=\"wp-image-484\" srcset=\"https:\/\/www.simonholy.com\/wp-content\/uploads\/2026\/01\/apakprislalaska04.png 1536w, https:\/\/www.simonholy.com\/wp-content\/uploads\/2026\/01\/apakprislalaska04-300x126.png 300w, https:\/\/www.simonholy.com\/wp-content\/uploads\/2026\/01\/apakprislalaska04-1024x429.png 1024w, https:\/\/www.simonholy.com\/wp-content\/uploads\/2026\/01\/apakprislalaska04-768x322.png 768w\" sizes=\"auto, (max-width: 1536px) 100vw, 1536px\" \/><\/figure>\n\n\n\n<figure class=\"wp-block-image size-full\"><img loading=\"lazy\" decoding=\"async\" width=\"1536\" height=\"644\" data-id=\"485\" src=\"https:\/\/www.simonholy.com\/wp-content\/uploads\/2026\/01\/apakprislalaska05.png\" alt=\"\" class=\"wp-image-485\" srcset=\"https:\/\/www.simonholy.com\/wp-content\/uploads\/2026\/01\/apakprislalaska05.png 1536w, https:\/\/www.simonholy.com\/wp-content\/uploads\/2026\/01\/apakprislalaska05-300x126.png 300w, https:\/\/www.simonholy.com\/wp-content\/uploads\/2026\/01\/apakprislalaska05-1024x429.png 1024w, https:\/\/www.simonholy.com\/wp-content\/uploads\/2026\/01\/apakprislalaska05-768x322.png 768w\" sizes=\"auto, (max-width: 1536px) 100vw, 1536px\" \/><\/figure>\n\n\n\n<figure class=\"wp-block-image size-full\"><img loading=\"lazy\" decoding=\"async\" width=\"1536\" height=\"644\" data-id=\"486\" src=\"https:\/\/www.simonholy.com\/wp-content\/uploads\/2026\/01\/apakprislalaska06.png\" alt=\"\" class=\"wp-image-486\" srcset=\"https:\/\/www.simonholy.com\/wp-content\/uploads\/2026\/01\/apakprislalaska06.png 1536w, https:\/\/www.simonholy.com\/wp-content\/uploads\/2026\/01\/apakprislalaska06-300x126.png 300w, https:\/\/www.simonholy.com\/wp-content\/uploads\/2026\/01\/apakprislalaska06-1024x429.png 1024w, https:\/\/www.simonholy.com\/wp-content\/uploads\/2026\/01\/apakprislalaska06-768x322.png 768w\" sizes=\"auto, (max-width: 1536px) 100vw, 1536px\" \/><\/figure>\n<\/figure>\n<\/div>\n<\/div>\n\n\n\n<div data-wp-class--is-open=\"state.isOpen\" data-wp-context=\"{ &quot;id&quot;: &quot;accordion-item-7&quot;, &quot;openByDefault&quot;: false }\" data-wp-init=\"callbacks.initAccordionItems\" data-wp-on-window--hashchange=\"callbacks.hashChange\" class=\"wp-block-accordion-item is-layout-flow wp-block-accordion-item-is-layout-flow\">\n<h3 class=\"wp-block-accordion-heading\"><button aria-expanded=\"false\" aria-controls=\"accordion-item-7-panel\" data-wp-bind--aria-expanded=\"state.isOpen\" data-wp-on--click=\"actions.toggle\" data-wp-on--keydown=\"actions.handleKeyDown\" id=\"accordion-item-7\" type=\"button\" class=\"wp-block-accordion-heading__toggle\"><span class=\"wp-block-accordion-heading__toggle-icon\" aria-hidden=\"true\">+<\/span><span class=\"wp-block-accordion-heading__toggle-title\">Team<\/span><\/button><\/h3>\n\n\n\n<div inert aria-labelledby=\"accordion-item-7\" data-wp-bind--inert=\"!state.isOpen\" id=\"accordion-item-7-panel\" role=\"region\" class=\"wp-block-accordion-panel is-layout-flow wp-block-accordion-panel-is-layout-flow\">\n<h4 class=\"wp-block-heading\"><strong>Cast<\/strong><\/h4>\n\n\n\n<p>Cast<\/p>\n\n\n\n<p>Pavla Tomicov\u00e1 (Krist\u00fdna)<br>S\u00e1ra Venclovsk\u00e1 (S\u00e1ra)<br>Tereza Hofov\u00e1 (Zdena)<br>Eli\u0161ka Soukupov\u00e1 (Lenka)<br>Nirav Prajapati (Rande)<\/p>\n\n\n\n<h4 class=\"wp-block-heading\"><strong>Creative Team<\/strong><\/h4>\n\n\n\n<p>Directing, story and music:<br>\u0160imon Hol\u00fd<\/p>\n\n\n\n<p>Script by:<br>\u0160imon Hol\u00fd<br>Pavla Tomicov\u00e1<br>S\u00e1ra Venclovsk\u00e1<br>Tereza Hofov\u00e1<br>Eli\u0161ka Soukupov\u00e1<\/p>\n\n\n\n<p>Cinematographer:<br>Jana Hojdov\u00e1<\/p>\n\n\n\n<p>Editor:<br>Sabina Mladenov\u00e1<\/p>\n\n\n\n<p>Sound Editor:<br>Hana Ka\u0161p\u00e1rek Vy\u0161\u00ednsk\u00e1<\/p>\n\n\n\n<p>Costumes:<br>Lucie Vejvodov\u00e1<br>Ane\u017eka Karasov\u00e1<\/p>\n\n\n\n<p>MUA:<br>Lucie Vejvodov\u00e1<\/p>\n\n\n\n<p>Set Design:<br>Ane\u017eka Karasov\u00e1<\/p>\n\n\n\n<p>Producers:<br>\u0160imon Hol\u00fd (Prvn\u00ed \u0159ada)<br>Jan Syru\u010dek (Prvn\u00ed \u0159ada)<\/p>\n\n\n\n<p>Co-producers:<br>Luk\u00e1\u0161 Moudr\u00fd (Studio Beep)<br>Tom\u00e1\u0161 Srovnal (PFX)<\/p>\n\n\n\n<h4 class=\"wp-block-heading\"><strong>Distributor<\/strong><\/h4>\n\n\n\n<p>Aerofilms (Czech Republic)<br>Filmtopia (Slovakia)<\/p>\n<\/div>\n<\/div>\n\n\n\n<div data-wp-class--is-open=\"state.isOpen\" data-wp-context=\"{ &quot;id&quot;: &quot;accordion-item-8&quot;, &quot;openByDefault&quot;: false }\" data-wp-init=\"callbacks.initAccordionItems\" data-wp-on-window--hashchange=\"callbacks.hashChange\" class=\"wp-block-accordion-item is-layout-flow wp-block-accordion-item-is-layout-flow\">\n<h3 class=\"wp-block-accordion-heading\"><button aria-expanded=\"false\" aria-controls=\"accordion-item-8-panel\" data-wp-bind--aria-expanded=\"state.isOpen\" data-wp-on--click=\"actions.toggle\" data-wp-on--keydown=\"actions.handleKeyDown\" id=\"accordion-item-8\" type=\"button\" class=\"wp-block-accordion-heading__toggle\"><span class=\"wp-block-accordion-heading__toggle-icon\" aria-hidden=\"true\">+<\/span><span class=\"wp-block-accordion-heading__toggle-title\">Reviews<\/span><\/button><\/h3>\n\n\n\n<div inert aria-labelledby=\"accordion-item-8\" data-wp-bind--inert=\"!state.isOpen\" id=\"accordion-item-8-panel\" role=\"region\" class=\"wp-block-accordion-panel is-layout-flow wp-block-accordion-panel-is-layout-flow\">\n<p><em>\u201eAffecting portrait of generational trauma and self-love.\u201c<\/em><br>Ben Nicholson, The Film Verdict<\/p>\n\n\n\n<p><em>\u201eQuirky, melancholic comedy characterised by a linear narrative structure and a good dose of deadpan humour.\u201c<\/em><br>Davide Abbatescianni, Cineuropa<\/p>\n\n\n\n<p><em>\"Pavla Tomicov\u00e1 clearly deserves the acting prize in Karlovy Vary\"<\/em><br>Mirka Sp\u00e1\u010dilov\u00e1, MF Dnes<\/p>\n<\/div>\n<\/div>\n\n\n\n<div data-wp-class--is-open=\"state.isOpen\" data-wp-context=\"{ &quot;id&quot;: &quot;accordion-item-9&quot;, &quot;openByDefault&quot;: false }\" data-wp-init=\"callbacks.initAccordionItems\" data-wp-on-window--hashchange=\"callbacks.hashChange\" class=\"wp-block-accordion-item is-layout-flow wp-block-accordion-item-is-layout-flow\">\n<h3 class=\"wp-block-accordion-heading\"><button aria-expanded=\"false\" aria-controls=\"accordion-item-9-panel\" data-wp-bind--aria-expanded=\"state.isOpen\" data-wp-on--click=\"actions.toggle\" data-wp-on--keydown=\"actions.handleKeyDown\" id=\"accordion-item-9\" type=\"button\" class=\"wp-block-accordion-heading__toggle\"><span class=\"wp-block-accordion-heading__toggle-icon\" aria-hidden=\"true\">+<\/span><span class=\"wp-block-accordion-heading__toggle-title\">Awards<\/span><\/button><\/h3>\n\n\n\n<div inert aria-labelledby=\"accordion-item-9\" data-wp-bind--inert=\"!state.isOpen\" id=\"accordion-item-9-panel\" role=\"region\" class=\"wp-block-accordion-panel is-layout-flow wp-block-accordion-panel-is-layout-flow\">\n<p><strong>Czech Lion 2023 Nomination:<\/strong><br>Pavla Tomicov\u00e1 (Best Actress)<\/p>\n\n\n\n<p><strong>Czech Film Critics Award 2023 Nomination:<\/strong><br>Pavla Tomicov\u00e1 (Best Actress)<\/p>\n<\/div>\n<\/div>\n\n\n\n<div data-wp-class--is-open=\"state.isOpen\" data-wp-context=\"{ &quot;id&quot;: &quot;accordion-item-10&quot;, &quot;openByDefault&quot;: false }\" data-wp-init=\"callbacks.initAccordionItems\" data-wp-on-window--hashchange=\"callbacks.hashChange\" class=\"wp-block-accordion-item is-layout-flow wp-block-accordion-item-is-layout-flow\">\n<h3 class=\"wp-block-accordion-heading\"><button aria-expanded=\"false\" aria-controls=\"accordion-item-10-panel\" data-wp-bind--aria-expanded=\"state.isOpen\" data-wp-on--click=\"actions.toggle\" data-wp-on--keydown=\"actions.handleKeyDown\" id=\"accordion-item-10\" type=\"button\" class=\"wp-block-accordion-heading__toggle\"><span class=\"wp-block-accordion-heading__toggle-icon\" aria-hidden=\"true\">+<\/span><span class=\"wp-block-accordion-heading__toggle-title\">Festivals<\/span><\/button><\/h3>\n\n\n\n<div inert aria-labelledby=\"accordion-item-10\" data-wp-bind--inert=\"!state.isOpen\" id=\"accordion-item-10-panel\" role=\"region\" class=\"wp-block-accordion-panel is-layout-flow wp-block-accordion-panel-is-layout-flow\">\n<p><strong>Karlovy Vary International Film Festival 2022<\/strong><br>Sout\u011b\u017e Proxima<\/p>\n\n\n\n<p><strong>Fin\u00e1le Plze\u0148 2022<\/strong><\/p>\n\n\n\n<p><strong>Letn\u00ed filmov\u00e1 \u0161kola Uhersk\u00e9 Hradi\u0161t\u011b 2022<\/strong><\/p>\n\n\n\n<p><strong>Festival Kino na hranici \/ Kino na Granicy 2023<\/strong><\/p>\n<\/div>\n<\/div>\n\n\n\n<div data-wp-class--is-open=\"state.isOpen\" data-wp-context=\"{ &quot;id&quot;: &quot;accordion-item-12&quot;, &quot;openByDefault&quot;: false }\" data-wp-init=\"callbacks.initAccordionItems\" data-wp-on-window--hashchange=\"callbacks.hashChange\" class=\"wp-block-accordion-item is-layout-flow wp-block-accordion-item-is-layout-flow\">\n<h3 class=\"wp-block-accordion-heading\"><button aria-expanded=\"false\" aria-controls=\"accordion-item-12-panel\" data-wp-bind--aria-expanded=\"state.isOpen\" data-wp-on--click=\"actions.toggle\" data-wp-on--keydown=\"actions.handleKeyDown\" id=\"accordion-item-12\" type=\"button\" class=\"wp-block-accordion-heading__toggle\"><span class=\"wp-block-accordion-heading__toggle-icon\" aria-hidden=\"true\">+<\/span><span class=\"wp-block-accordion-heading__toggle-title\">Poster<\/span><\/button><\/h3>\n\n\n\n<div inert aria-labelledby=\"accordion-item-12\" data-wp-bind--inert=\"!state.isOpen\" id=\"accordion-item-12-panel\" role=\"region\" class=\"wp-block-accordion-panel is-layout-flow wp-block-accordion-panel-is-layout-flow\">\n<figure class=\"wp-block-gallery has-nested-images columns-default is-cropped wp-block-gallery-11 is-layout-flex wp-block-gallery-is-layout-flex\">\n<figure class=\"wp-block-image size-large\"><img loading=\"lazy\" decoding=\"async\" width=\"723\" height=\"1024\" data-id=\"499\" src=\"https:\/\/www.simonholy.com\/wp-content\/uploads\/2026\/01\/apakprislalaskaplakatcesko-723x1024.jpg\" alt=\"\" class=\"wp-image-499\" srcset=\"https:\/\/www.simonholy.com\/wp-content\/uploads\/2026\/01\/apakprislalaskaplakatcesko-723x1024.jpg 723w, https:\/\/www.simonholy.com\/wp-content\/uploads\/2026\/01\/apakprislalaskaplakatcesko-212x300.jpg 212w, https:\/\/www.simonholy.com\/wp-content\/uploads\/2026\/01\/apakprislalaskaplakatcesko-768x1087.jpg 768w, https:\/\/www.simonholy.com\/wp-content\/uploads\/2026\/01\/apakprislalaskaplakatcesko-1085x1536.jpg 1085w, https:\/\/www.simonholy.com\/wp-content\/uploads\/2026\/01\/apakprislalaskaplakatcesko-1446x2048.jpg 1446w, https:\/\/www.simonholy.com\/wp-content\/uploads\/2026\/01\/apakprislalaskaplakatcesko.jpg 1808w\" sizes=\"auto, (max-width: 723px) 100vw, 723px\" \/><\/figure>\n\n\n\n<figure class=\"wp-block-image size-large\"><img loading=\"lazy\" decoding=\"async\" width=\"663\" height=\"938\" data-id=\"500\" src=\"https:\/\/www.simonholy.com\/wp-content\/uploads\/2026\/01\/apakprislalaskaplakatfestivaly.jpg\" alt=\"\" class=\"wp-image-500\" srcset=\"https:\/\/www.simonholy.com\/wp-content\/uploads\/2026\/01\/apakprislalaskaplakatfestivaly.jpg 663w, https:\/\/www.simonholy.com\/wp-content\/uploads\/2026\/01\/apakprislalaskaplakatfestivaly-212x300.jpg 212w\" sizes=\"auto, (max-width: 663px) 100vw, 663px\" \/><\/figure>\n\n\n\n<figure class=\"wp-block-image size-large\"><img loading=\"lazy\" decoding=\"async\" width=\"751\" height=\"1024\" data-id=\"501\" src=\"https:\/\/www.simonholy.com\/wp-content\/uploads\/2026\/01\/apakprislalaskaplakatslovensko-751x1024.jpg\" alt=\"\" class=\"wp-image-501\" srcset=\"https:\/\/www.simonholy.com\/wp-content\/uploads\/2026\/01\/apakprislalaskaplakatslovensko-751x1024.jpg 751w, https:\/\/www.simonholy.com\/wp-content\/uploads\/2026\/01\/apakprislalaskaplakatslovensko-220x300.jpg 220w, https:\/\/www.simonholy.com\/wp-content\/uploads\/2026\/01\/apakprislalaskaplakatslovensko-768x1047.jpg 768w, https:\/\/www.simonholy.com\/wp-content\/uploads\/2026\/01\/apakprislalaskaplakatslovensko.jpg 792w\" sizes=\"auto, (max-width: 751px) 100vw, 751px\" \/><\/figure>\n<\/figure>\n<\/div>\n<\/div>\n<\/div>\n<\/div>\n\n\n\n<div class=\"wp-block-group has-global-padding is-layout-constrained wp-container-core-group-is-layout-dcab3d09 wp-block-group-is-layout-constrained\" style=\"padding-top:0;padding-right:var(--wp--preset--spacing--30);padding-bottom:0;padding-left:var(--wp--preset--spacing--30)\">\n<hr class=\"wp-block-separator has-text-color has-contrast-color has-alpha-channel-opacity has-contrast-background-color has-background is-style-wide is-style-wide--13\"\/>\n<\/div>\n\n\n\n<p><\/p>","protected":false},"excerpt":{"rendered":"<p>A pak p\u0159i\u0161la l\u00e1ska&#8230; 2022 \u0160edes\u00e1tnice Krist\u00fdna zoufale hled\u00e1 l\u00e1sku a \u0161t\u011bst\u00ed. Rozhodne se proto vyrazit se svou dcerou S\u00e1rou na v\u00edkend za kart\u00e1\u0159kou Zdenou. Prost\u0159ednictv\u00edm v\u00fdklad\u016f karet a rodov\u00e9ho l\u00e9\u010den\u00ed postupn\u011b vyplouvaj\u00ed na povrch nejen probl\u00e9my Krist\u00fdnina vztahu k okol\u00ed, ale i jej\u00ed vztah k dce\u0159i a k sob\u011b samotn\u00e9. P\u0159ijde na konci kone\u010dn\u011b [&hellip;]<\/p>","protected":false},"author":1,"featured_media":0,"parent":0,"menu_order":0,"comment_status":"closed","ping_status":"closed","template":"","meta":{"footnotes":""},"class_list":["post-948","page","type-page","status-publish","hentry"],"aioseo_notices":[],"_links":{"self":[{"href":"https:\/\/www.simonholy.com\/en\/wp-json\/wp\/v2\/pages\/948","targetHints":{"allow":["GET"]}}],"collection":[{"href":"https:\/\/www.simonholy.com\/en\/wp-json\/wp\/v2\/pages"}],"about":[{"href":"https:\/\/www.simonholy.com\/en\/wp-json\/wp\/v2\/types\/page"}],"author":[{"embeddable":true,"href":"https:\/\/www.simonholy.com\/en\/wp-json\/wp\/v2\/users\/1"}],"replies":[{"embeddable":true,"href":"https:\/\/www.simonholy.com\/en\/wp-json\/wp\/v2\/comments?post=948"}],"version-history":[{"count":1,"href":"https:\/\/www.simonholy.com\/en\/wp-json\/wp\/v2\/pages\/948\/revisions"}],"predecessor-version":[{"id":949,"href":"https:\/\/www.simonholy.com\/en\/wp-json\/wp\/v2\/pages\/948\/revisions\/949"}],"wp:attachment":[{"href":"https:\/\/www.simonholy.com\/en\/wp-json\/wp\/v2\/media?parent=948"}],"curies":[{"name":"wp","href":"https:\/\/api.w.org\/{rel}","templated":true}]}}