{"id":942,"date":"2026-02-27T17:57:07","date_gmt":"2026-02-27T16:57:07","guid":{"rendered":"https:\/\/www.simonholy.com\/?page_id=942"},"modified":"2026-02-27T17:58:11","modified_gmt":"2026-02-27T16:58:11","slug":"hello-welcome","status":"publish","type":"page","link":"https:\/\/www.simonholy.com\/en\/hello-welcome\/","title":{"rendered":"Hello, Welcome"},"content":{"rendered":"<h1 class=\"wp-block-heading\" style=\"padding-top:0px;padding-right:var(--wp--preset--spacing--30);padding-bottom:0;padding-left:var(--wp--preset--spacing--30)\"><strong>Hello, Welcome<\/strong><\/h1>\n\n\n\n<div class=\"wp-block-group is-style-default is-nowrap is-layout-flex wp-container-core-group-is-layout-5f376930 wp-block-group-is-layout-flex\" style=\"margin-top:0;margin-bottom:0;padding-right:0;padding-left:0\">\n<div class=\"wp-block-group is-horizontal is-layout-flex wp-block-group-is-layout-flex\" style=\"padding-right:var(--wp--preset--spacing--30);padding-left:var(--wp--preset--spacing--30)\">\n<p>2024<\/p>\n<\/div>\n<\/div>\n\n\n\n<div class=\"wp-block-group has-global-padding is-layout-constrained wp-container-core-group-is-layout-dcab3d09 wp-block-group-is-layout-constrained\" style=\"padding-top:0;padding-right:var(--wp--preset--spacing--30);padding-bottom:0;padding-left:var(--wp--preset--spacing--30)\">\n<hr class=\"wp-block-separator has-text-color has-contrast-color has-alpha-channel-opacity has-contrast-background-color has-background is-style-wide is-style-wide--1\"\/>\n<\/div>\n\n\n\n<div class=\"wp-block-group has-global-padding is-layout-constrained wp-container-core-group-is-layout-ff778368 wp-block-group-is-layout-constrained\" style=\"padding-right:var(--wp--preset--spacing--30);padding-left:var(--wp--preset--spacing--30)\">\n<div class=\"wp-block-cover alignwide\" style=\"padding-right:var(--wp--preset--spacing--30);padding-left:var(--wp--preset--spacing--30);min-height:430px;aspect-ratio:unset;\"><img loading=\"lazy\" decoding=\"async\" width=\"1536\" height=\"823\" sizes=\"auto, (max-width: 799px) 200vw, (max-width: 1536px) 100vw, 1536px\" class=\"wp-block-cover__image-background wp-image-116 size-full\" alt=\"\" src=\"https:\/\/www.simonholy.com\/wp-content\/uploads\/2025\/11\/hellowelcome.jpg\" data-object-fit=\"cover\" srcset=\"https:\/\/www.simonholy.com\/wp-content\/uploads\/2025\/11\/hellowelcome.jpg 1536w, https:\/\/www.simonholy.com\/wp-content\/uploads\/2025\/11\/hellowelcome-300x161.jpg 300w, https:\/\/www.simonholy.com\/wp-content\/uploads\/2025\/11\/hellowelcome-1024x549.jpg 1024w, https:\/\/www.simonholy.com\/wp-content\/uploads\/2025\/11\/hellowelcome-768x412.jpg 768w\" \/><span aria-hidden=\"true\" class=\"wp-block-cover__background has-background-dim-0 has-background-dim\"><\/span><div class=\"wp-block-cover__inner-container is-layout-flow wp-block-cover-is-layout-flow\">\n<div style=\"height:var(--wp--preset--spacing--20)\" aria-hidden=\"true\" class=\"wp-block-spacer\"><\/div>\n<\/div><\/div>\n<\/div>\n\n\n\n<p class=\"has-medium-font-size\" style=\"padding-right:var(--wp--preset--spacing--30);padding-left:var(--wp--preset--spacing--30)\">Three young actresses go to the Karlovy Vary Film Festival together. The successful Ad\u00e9la will present her new film. The burnt-out Ema goes to support Ad\u00e9la. And carefree So\u0148a just wants to enjoy movies and parties. But the days at the festival don't go as expected and the three women's friendships and careers are put to the test. Can they still manage to outwardly act like they're happy and at ease? \u0160imon Hol\u00fd's comedy shows the harsh truths about the film industry and the acting profession. It describes authenticity as a goal that is hard to achieve.<\/p>\n\n\n\n<div class=\"wp-block-group has-global-padding is-layout-constrained wp-container-core-group-is-layout-dcab3d09 wp-block-group-is-layout-constrained\" style=\"padding-top:0;padding-right:var(--wp--preset--spacing--30);padding-bottom:0;padding-left:var(--wp--preset--spacing--30)\">\n<hr class=\"wp-block-separator has-text-color has-contrast-color has-alpha-channel-opacity has-contrast-background-color has-background is-style-wide is-style-wide--2\"\/>\n<\/div>\n\n\n\n<div class=\"wp-block-group is-layout-flow wp-block-group-is-layout-flow\" style=\"padding-right:var(--wp--preset--spacing--30);padding-left:var(--wp--preset--spacing--30)\">\n<div data-wp-context=\"{ &quot;autoclose&quot;: false, &quot;accordionItems&quot;: [] }\" data-wp-interactive=\"core\/accordion\" role=\"group\" class=\"wp-block-accordion is-layout-flow wp-block-accordion-is-layout-flow\" style=\"border-style:none;border-width:0px;border-top-left-radius:0px;border-top-right-radius:0px;border-bottom-left-radius:0px;border-bottom-right-radius:0px;padding-right:0;padding-left:0\">\n<div data-wp-class--is-open=\"state.isOpen\" data-wp-context=\"{ &quot;id&quot;: &quot;accordion-item-3&quot;, &quot;openByDefault&quot;: false }\" data-wp-init=\"callbacks.initAccordionItems\" data-wp-on-window--hashchange=\"callbacks.hashChange\" class=\"wp-block-accordion-item is-layout-flow wp-block-accordion-item-is-layout-flow\">\n<h3 class=\"wp-block-accordion-heading\"><button aria-expanded=\"false\" aria-controls=\"accordion-item-3-panel\" data-wp-bind--aria-expanded=\"state.isOpen\" data-wp-on--click=\"actions.toggle\" data-wp-on--keydown=\"actions.handleKeyDown\" id=\"accordion-item-3\" type=\"button\" class=\"wp-block-accordion-heading__toggle\"><span class=\"wp-block-accordion-heading__toggle-icon\" aria-hidden=\"true\">+<\/span><span class=\"wp-block-accordion-heading__toggle-title\">Basic information<\/span><\/button><\/h3>\n\n\n\n<div inert aria-labelledby=\"accordion-item-3\" data-wp-bind--inert=\"!state.isOpen\" id=\"accordion-item-3-panel\" role=\"region\" class=\"wp-block-accordion-panel is-layout-flow wp-block-accordion-panel-is-layout-flow\">\n<p>Feature Film<br>2024<br>83 minutes<br>DCP<br>2,35:1<\/p>\n<\/div>\n<\/div>\n\n\n\n<div data-wp-class--is-open=\"state.isOpen\" data-wp-context=\"{ &quot;id&quot;: &quot;accordion-item-4&quot;, &quot;openByDefault&quot;: false }\" data-wp-init=\"callbacks.initAccordionItems\" data-wp-on-window--hashchange=\"callbacks.hashChange\" class=\"wp-block-accordion-item is-layout-flow wp-block-accordion-item-is-layout-flow\">\n<h3 class=\"wp-block-accordion-heading\"><button aria-expanded=\"false\" aria-controls=\"accordion-item-4-panel\" data-wp-bind--aria-expanded=\"state.isOpen\" data-wp-on--click=\"actions.toggle\" data-wp-on--keydown=\"actions.handleKeyDown\" id=\"accordion-item-4\" type=\"button\" class=\"wp-block-accordion-heading__toggle\"><span class=\"wp-block-accordion-heading__toggle-icon\" aria-hidden=\"true\">+<\/span><span class=\"wp-block-accordion-heading__toggle-title\">Trailer<\/span><\/button><\/h3>\n\n\n\n<div inert aria-labelledby=\"accordion-item-4\" data-wp-bind--inert=\"!state.isOpen\" id=\"accordion-item-4-panel\" role=\"region\" class=\"wp-block-accordion-panel is-layout-flow wp-block-accordion-panel-is-layout-flow\">\n<figure class=\"wp-block-embed is-type-video is-provider-youtube wp-block-embed-youtube wp-embed-aspect-16-9 wp-has-aspect-ratio\"><div class=\"wp-block-embed__wrapper\">\n<iframe loading=\"lazy\" title=\"Hello, Welcome (trailer)\" width=\"500\" height=\"281\" src=\"https:\/\/www.youtube.com\/embed\/k9lnzomZJKY?feature=oembed\" frameborder=\"0\" allow=\"accelerometer; autoplay; clipboard-write; encrypted-media; gyroscope; picture-in-picture; web-share\" referrerpolicy=\"strict-origin-when-cross-origin\" allowfullscreen><\/iframe>\n<\/div><\/figure>\n<\/div>\n<\/div>\n\n\n\n<div data-wp-class--is-open=\"state.isOpen\" data-wp-context=\"{ &quot;id&quot;: &quot;accordion-item-6&quot;, &quot;openByDefault&quot;: false }\" data-wp-init=\"callbacks.initAccordionItems\" data-wp-on-window--hashchange=\"callbacks.hashChange\" class=\"wp-block-accordion-item is-layout-flow wp-block-accordion-item-is-layout-flow\">\n<h3 class=\"wp-block-accordion-heading\"><button aria-expanded=\"false\" aria-controls=\"accordion-item-6-panel\" data-wp-bind--aria-expanded=\"state.isOpen\" data-wp-on--click=\"actions.toggle\" data-wp-on--keydown=\"actions.handleKeyDown\" id=\"accordion-item-6\" type=\"button\" class=\"wp-block-accordion-heading__toggle\"><span class=\"wp-block-accordion-heading__toggle-icon\" aria-hidden=\"true\">+<\/span><span class=\"wp-block-accordion-heading__toggle-title\">Gallery<\/span><\/button><\/h3>\n\n\n\n<div inert aria-labelledby=\"accordion-item-6\" data-wp-bind--inert=\"!state.isOpen\" id=\"accordion-item-6-panel\" role=\"region\" class=\"wp-block-accordion-panel is-layout-flow wp-block-accordion-panel-is-layout-flow\">\n<figure class=\"wp-block-gallery has-nested-images columns-1 is-cropped wp-block-gallery-5 is-layout-flex wp-block-gallery-is-layout-flex\">\n<figure class=\"wp-block-image size-full\"><img loading=\"lazy\" decoding=\"async\" width=\"1536\" height=\"830\" data-id=\"504\" src=\"https:\/\/www.simonholy.com\/wp-content\/uploads\/2026\/01\/HW2-1536x830-1.jpg\" alt=\"\" class=\"wp-image-504\" srcset=\"https:\/\/www.simonholy.com\/wp-content\/uploads\/2026\/01\/HW2-1536x830-1.jpg 1536w, https:\/\/www.simonholy.com\/wp-content\/uploads\/2026\/01\/HW2-1536x830-1-300x162.jpg 300w, https:\/\/www.simonholy.com\/wp-content\/uploads\/2026\/01\/HW2-1536x830-1-1024x553.jpg 1024w, https:\/\/www.simonholy.com\/wp-content\/uploads\/2026\/01\/HW2-1536x830-1-768x415.jpg 768w\" sizes=\"auto, (max-width: 1536px) 100vw, 1536px\" \/><\/figure>\n\n\n\n<figure class=\"wp-block-image size-full\"><img loading=\"lazy\" decoding=\"async\" width=\"2048\" height=\"1106\" data-id=\"505\" src=\"https:\/\/www.simonholy.com\/wp-content\/uploads\/2026\/01\/HW3.jpg\" alt=\"\" class=\"wp-image-505\" srcset=\"https:\/\/www.simonholy.com\/wp-content\/uploads\/2026\/01\/HW3.jpg 2048w, https:\/\/www.simonholy.com\/wp-content\/uploads\/2026\/01\/HW3-300x162.jpg 300w, https:\/\/www.simonholy.com\/wp-content\/uploads\/2026\/01\/HW3-1024x553.jpg 1024w, https:\/\/www.simonholy.com\/wp-content\/uploads\/2026\/01\/HW3-768x415.jpg 768w, https:\/\/www.simonholy.com\/wp-content\/uploads\/2026\/01\/HW3-1536x830.jpg 1536w\" sizes=\"auto, (max-width: 2048px) 100vw, 2048px\" \/><\/figure>\n\n\n\n<figure class=\"wp-block-image size-full\"><img loading=\"lazy\" decoding=\"async\" width=\"1536\" height=\"830\" data-id=\"506\" src=\"https:\/\/www.simonholy.com\/wp-content\/uploads\/2026\/01\/HW4-1536x830-1.jpg\" alt=\"\" class=\"wp-image-506\" srcset=\"https:\/\/www.simonholy.com\/wp-content\/uploads\/2026\/01\/HW4-1536x830-1.jpg 1536w, https:\/\/www.simonholy.com\/wp-content\/uploads\/2026\/01\/HW4-1536x830-1-300x162.jpg 300w, https:\/\/www.simonholy.com\/wp-content\/uploads\/2026\/01\/HW4-1536x830-1-1024x553.jpg 1024w, https:\/\/www.simonholy.com\/wp-content\/uploads\/2026\/01\/HW4-1536x830-1-768x415.jpg 768w\" sizes=\"auto, (max-width: 1536px) 100vw, 1536px\" \/><\/figure>\n\n\n\n<figure class=\"wp-block-image size-full\"><img loading=\"lazy\" decoding=\"async\" width=\"1536\" height=\"830\" data-id=\"507\" src=\"https:\/\/www.simonholy.com\/wp-content\/uploads\/2026\/01\/HW5-1536x830-1.jpg\" alt=\"\" class=\"wp-image-507\" srcset=\"https:\/\/www.simonholy.com\/wp-content\/uploads\/2026\/01\/HW5-1536x830-1.jpg 1536w, https:\/\/www.simonholy.com\/wp-content\/uploads\/2026\/01\/HW5-1536x830-1-300x162.jpg 300w, https:\/\/www.simonholy.com\/wp-content\/uploads\/2026\/01\/HW5-1536x830-1-1024x553.jpg 1024w, https:\/\/www.simonholy.com\/wp-content\/uploads\/2026\/01\/HW5-1536x830-1-768x415.jpg 768w\" sizes=\"auto, (max-width: 1536px) 100vw, 1536px\" \/><\/figure>\n\n\n\n<figure class=\"wp-block-image size-full\"><img loading=\"lazy\" decoding=\"async\" width=\"1536\" height=\"830\" data-id=\"508\" src=\"https:\/\/www.simonholy.com\/wp-content\/uploads\/2026\/01\/HW6-1536x830-1.jpg\" alt=\"\" class=\"wp-image-508\" srcset=\"https:\/\/www.simonholy.com\/wp-content\/uploads\/2026\/01\/HW6-1536x830-1.jpg 1536w, https:\/\/www.simonholy.com\/wp-content\/uploads\/2026\/01\/HW6-1536x830-1-300x162.jpg 300w, https:\/\/www.simonholy.com\/wp-content\/uploads\/2026\/01\/HW6-1536x830-1-1024x553.jpg 1024w, https:\/\/www.simonholy.com\/wp-content\/uploads\/2026\/01\/HW6-1536x830-1-768x415.jpg 768w\" sizes=\"auto, (max-width: 1536px) 100vw, 1536px\" \/><\/figure>\n\n\n\n<figure class=\"wp-block-image size-full\"><img loading=\"lazy\" decoding=\"async\" width=\"1536\" height=\"830\" data-id=\"509\" src=\"https:\/\/www.simonholy.com\/wp-content\/uploads\/2026\/01\/HW7-1536x830-1.jpg\" alt=\"\" class=\"wp-image-509\" srcset=\"https:\/\/www.simonholy.com\/wp-content\/uploads\/2026\/01\/HW7-1536x830-1.jpg 1536w, https:\/\/www.simonholy.com\/wp-content\/uploads\/2026\/01\/HW7-1536x830-1-300x162.jpg 300w, https:\/\/www.simonholy.com\/wp-content\/uploads\/2026\/01\/HW7-1536x830-1-1024x553.jpg 1024w, https:\/\/www.simonholy.com\/wp-content\/uploads\/2026\/01\/HW7-1536x830-1-768x415.jpg 768w\" sizes=\"auto, (max-width: 1536px) 100vw, 1536px\" \/><\/figure>\n\n\n\n<figure class=\"wp-block-image size-full\"><img loading=\"lazy\" decoding=\"async\" width=\"1536\" height=\"830\" data-id=\"510\" src=\"https:\/\/www.simonholy.com\/wp-content\/uploads\/2026\/01\/HW8-1536x830-1.jpg\" alt=\"\" class=\"wp-image-510\" srcset=\"https:\/\/www.simonholy.com\/wp-content\/uploads\/2026\/01\/HW8-1536x830-1.jpg 1536w, https:\/\/www.simonholy.com\/wp-content\/uploads\/2026\/01\/HW8-1536x830-1-300x162.jpg 300w, https:\/\/www.simonholy.com\/wp-content\/uploads\/2026\/01\/HW8-1536x830-1-1024x553.jpg 1024w, https:\/\/www.simonholy.com\/wp-content\/uploads\/2026\/01\/HW8-1536x830-1-768x415.jpg 768w\" sizes=\"auto, (max-width: 1536px) 100vw, 1536px\" \/><\/figure>\n\n\n\n<figure class=\"wp-block-image size-full\"><img loading=\"lazy\" decoding=\"async\" width=\"1536\" height=\"830\" data-id=\"511\" src=\"https:\/\/www.simonholy.com\/wp-content\/uploads\/2026\/01\/HW9-1536x830-1.jpg\" alt=\"\" class=\"wp-image-511\" srcset=\"https:\/\/www.simonholy.com\/wp-content\/uploads\/2026\/01\/HW9-1536x830-1.jpg 1536w, https:\/\/www.simonholy.com\/wp-content\/uploads\/2026\/01\/HW9-1536x830-1-300x162.jpg 300w, https:\/\/www.simonholy.com\/wp-content\/uploads\/2026\/01\/HW9-1536x830-1-1024x553.jpg 1024w, https:\/\/www.simonholy.com\/wp-content\/uploads\/2026\/01\/HW9-1536x830-1-768x415.jpg 768w\" sizes=\"auto, (max-width: 1536px) 100vw, 1536px\" \/><\/figure>\n\n\n\n<figure class=\"wp-block-image size-full\"><img loading=\"lazy\" decoding=\"async\" width=\"1536\" height=\"830\" data-id=\"512\" src=\"https:\/\/www.simonholy.com\/wp-content\/uploads\/2026\/01\/HW10-1536x830-1.jpg\" alt=\"\" class=\"wp-image-512\" srcset=\"https:\/\/www.simonholy.com\/wp-content\/uploads\/2026\/01\/HW10-1536x830-1.jpg 1536w, https:\/\/www.simonholy.com\/wp-content\/uploads\/2026\/01\/HW10-1536x830-1-300x162.jpg 300w, https:\/\/www.simonholy.com\/wp-content\/uploads\/2026\/01\/HW10-1536x830-1-1024x553.jpg 1024w, https:\/\/www.simonholy.com\/wp-content\/uploads\/2026\/01\/HW10-1536x830-1-768x415.jpg 768w\" sizes=\"auto, (max-width: 1536px) 100vw, 1536px\" \/><\/figure>\n\n\n\n<figure class=\"wp-block-image size-full\"><img loading=\"lazy\" decoding=\"async\" width=\"2048\" height=\"1106\" data-id=\"513\" src=\"https:\/\/www.simonholy.com\/wp-content\/uploads\/2026\/01\/HW12.jpg\" alt=\"\" class=\"wp-image-513\" srcset=\"https:\/\/www.simonholy.com\/wp-content\/uploads\/2026\/01\/HW12.jpg 2048w, https:\/\/www.simonholy.com\/wp-content\/uploads\/2026\/01\/HW12-300x162.jpg 300w, https:\/\/www.simonholy.com\/wp-content\/uploads\/2026\/01\/HW12-1024x553.jpg 1024w, https:\/\/www.simonholy.com\/wp-content\/uploads\/2026\/01\/HW12-768x415.jpg 768w, https:\/\/www.simonholy.com\/wp-content\/uploads\/2026\/01\/HW12-1536x830.jpg 1536w\" sizes=\"auto, (max-width: 2048px) 100vw, 2048px\" \/><\/figure>\n\n\n\n<figure class=\"wp-block-image size-full\"><img loading=\"lazy\" decoding=\"async\" width=\"1536\" height=\"830\" data-id=\"514\" src=\"https:\/\/www.simonholy.com\/wp-content\/uploads\/2026\/01\/HW13-1536x830-1.jpg\" alt=\"\" class=\"wp-image-514\" srcset=\"https:\/\/www.simonholy.com\/wp-content\/uploads\/2026\/01\/HW13-1536x830-1.jpg 1536w, https:\/\/www.simonholy.com\/wp-content\/uploads\/2026\/01\/HW13-1536x830-1-300x162.jpg 300w, https:\/\/www.simonholy.com\/wp-content\/uploads\/2026\/01\/HW13-1536x830-1-1024x553.jpg 1024w, https:\/\/www.simonholy.com\/wp-content\/uploads\/2026\/01\/HW13-1536x830-1-768x415.jpg 768w\" sizes=\"auto, (max-width: 1536px) 100vw, 1536px\" \/><\/figure>\n\n\n\n<figure class=\"wp-block-image size-full\"><img loading=\"lazy\" decoding=\"async\" width=\"1536\" height=\"823\" data-id=\"116\" src=\"https:\/\/www.simonholy.com\/wp-content\/uploads\/2025\/11\/hellowelcome.jpg\" alt=\"\" class=\"wp-image-116\" srcset=\"https:\/\/www.simonholy.com\/wp-content\/uploads\/2025\/11\/hellowelcome.jpg 1536w, https:\/\/www.simonholy.com\/wp-content\/uploads\/2025\/11\/hellowelcome-300x161.jpg 300w, https:\/\/www.simonholy.com\/wp-content\/uploads\/2025\/11\/hellowelcome-1024x549.jpg 1024w, https:\/\/www.simonholy.com\/wp-content\/uploads\/2025\/11\/hellowelcome-768x412.jpg 768w\" sizes=\"auto, (max-width: 1536px) 100vw, 1536px\" \/><\/figure>\n<\/figure>\n<\/div>\n<\/div>\n\n\n\n<div data-wp-class--is-open=\"state.isOpen\" data-wp-context=\"{ &quot;id&quot;: &quot;accordion-item-7&quot;, &quot;openByDefault&quot;: false }\" data-wp-init=\"callbacks.initAccordionItems\" data-wp-on-window--hashchange=\"callbacks.hashChange\" class=\"wp-block-accordion-item is-layout-flow wp-block-accordion-item-is-layout-flow\">\n<h3 class=\"wp-block-accordion-heading\"><button aria-expanded=\"false\" aria-controls=\"accordion-item-7-panel\" data-wp-bind--aria-expanded=\"state.isOpen\" data-wp-on--click=\"actions.toggle\" data-wp-on--keydown=\"actions.handleKeyDown\" id=\"accordion-item-7\" type=\"button\" class=\"wp-block-accordion-heading__toggle\"><span class=\"wp-block-accordion-heading__toggle-icon\" aria-hidden=\"true\">+<\/span><span class=\"wp-block-accordion-heading__toggle-title\">Team<\/span><\/button><\/h3>\n\n\n\n<div inert aria-labelledby=\"accordion-item-7\" data-wp-bind--inert=\"!state.isOpen\" id=\"accordion-item-7-panel\" role=\"region\" class=\"wp-block-accordion-panel is-layout-flow wp-block-accordion-panel-is-layout-flow\">\n<h4 class=\"wp-block-heading\"><strong>Cast<\/strong><\/h4>\n\n\n\n<p>Eli\u0161ka Soukupov\u00e1 (Ema)<br>Alena Dol\u00e1kov\u00e1 (Ad\u00e9la)<br>S\u00e1ra Venclovsk\u00e1 (So\u0148a)<\/p>\n\n\n\n<p>Supporting cast:<br>Martin Cik\u00e1n, Jana Plodkov\u00e1, V\u00e1clav Va\u0161\u00e1k, Nirav Prajapati, Gabriela Heclov\u00e1, Daniela Seemannov\u00e1, Tomasz Winski, Tereza Vejvodov\u00e1, Tom\u00e1\u0161 Pavl\u00ed\u010dek<\/p>\n\n\n\n<h4 class=\"wp-block-heading\"><strong>Creative Team<\/strong><\/h4>\n\n\n\n<p>Director, Screenwriter, Music:<br>\u0160imon Hol\u00fd<\/p>\n\n\n\n<p>Cinematographer:<br>Jana Hojdov\u00e1<\/p>\n\n\n\n<p>Sound Editor:<br>Hana Ka\u0161p\u00e1rek Vy\u0161\u00ednsk\u00e1<\/p>\n\n\n\n<p>Editor:<br>Sabina Mladenov\u00e1<br>\u0160imon Hol\u00fd<\/p>\n\n\n\n<p>Producers:<br>\u0160imon Hol\u00fd (Prvn\u00ed \u0159ada)<br>Jan Syru\u010dek(Prvn\u00ed \u0159ada)<\/p>\n\n\n\n<p>Co-producers:<br>Luk\u00e1\u0161 Moudr\u00fd (Studio Beep)<br>Tom\u00e1\u0161 Srovnal (PFX)<\/p>\n\n\n\n<h4 class=\"wp-block-heading\"><strong>Distributor<\/strong><\/h4>\n\n\n\n<p>Aerofilms (Czech Republic)<\/p>\n<\/div>\n<\/div>\n\n\n\n<div data-wp-class--is-open=\"state.isOpen\" data-wp-context=\"{ &quot;id&quot;: &quot;accordion-item-8&quot;, &quot;openByDefault&quot;: false }\" data-wp-init=\"callbacks.initAccordionItems\" data-wp-on-window--hashchange=\"callbacks.hashChange\" class=\"wp-block-accordion-item is-layout-flow wp-block-accordion-item-is-layout-flow\">\n<h3 class=\"wp-block-accordion-heading\"><button aria-expanded=\"false\" aria-controls=\"accordion-item-8-panel\" data-wp-bind--aria-expanded=\"state.isOpen\" data-wp-on--click=\"actions.toggle\" data-wp-on--keydown=\"actions.handleKeyDown\" id=\"accordion-item-8\" type=\"button\" class=\"wp-block-accordion-heading__toggle\"><span class=\"wp-block-accordion-heading__toggle-icon\" aria-hidden=\"true\">+<\/span><span class=\"wp-block-accordion-heading__toggle-title\">Reviews<\/span><\/button><\/h3>\n\n\n\n<div inert aria-labelledby=\"accordion-item-8\" data-wp-bind--inert=\"!state.isOpen\" id=\"accordion-item-8-panel\" role=\"region\" class=\"wp-block-accordion-panel is-layout-flow wp-block-accordion-panel-is-layout-flow\">\n<p><em>\"Hol\u00fd reveals the actual life of an actress, focusing on their performativity on social media and in social interactions while critiquing the industry's treatment of women, focusing especially on objectification and sexism.\"<\/em><br>Martin Kudl\u00e1\u010d, Cineuropa<\/p>\n\n\n\n<p><em>\"A smart movie that's not afraid to look a little silly.\"<\/em><br>Eva Kl\u00ed\u010dov\u00e1, Alarm<\/p>\n\n\n\n<p><em>\"Hello, Welcome studies with ease the frustration stretching across late millennials.\"<\/em><br>Krist\u00fdna Skaln\u00edkov\u00e1, Novinky.cz<\/p>\n\n\n\n<p><em>\"Independence is probably a virtue for a director out of necessity - but he has managed to extract from it an unprecedented authenticity in his films that is almost unparalleled in domestic cinema.\"<\/em><br>Irena Hejdov\u00e1, Den\u00edk N<\/p>\n<\/div>\n<\/div>\n\n\n\n<div data-wp-class--is-open=\"state.isOpen\" data-wp-context=\"{ &quot;id&quot;: &quot;accordion-item-9&quot;, &quot;openByDefault&quot;: false }\" data-wp-init=\"callbacks.initAccordionItems\" data-wp-on-window--hashchange=\"callbacks.hashChange\" class=\"wp-block-accordion-item is-layout-flow wp-block-accordion-item-is-layout-flow\">\n<h3 class=\"wp-block-accordion-heading\"><button aria-expanded=\"false\" aria-controls=\"accordion-item-9-panel\" data-wp-bind--aria-expanded=\"state.isOpen\" data-wp-on--click=\"actions.toggle\" data-wp-on--keydown=\"actions.handleKeyDown\" id=\"accordion-item-9\" type=\"button\" class=\"wp-block-accordion-heading__toggle\"><span class=\"wp-block-accordion-heading__toggle-icon\" aria-hidden=\"true\">+<\/span><span class=\"wp-block-accordion-heading__toggle-title\">Festivals<\/span><\/button><\/h3>\n\n\n\n<div inert aria-labelledby=\"accordion-item-9\" data-wp-bind--inert=\"!state.isOpen\" id=\"accordion-item-9-panel\" role=\"region\" class=\"wp-block-accordion-panel is-layout-flow wp-block-accordion-panel-is-layout-flow\">\n<p><strong>Letn\u00ed filmov\u00e1 \u0161kola Uhersk\u00e9 hradi\u0161t\u011b 2024<\/strong><br>Opening Film<\/p>\n\n\n\n<p><strong>Fin\u00e1le Plze\u0148 2024<\/strong><\/p>\n\n\n\n<p><strong>Festival Kino na Hranici 2025<\/strong><\/p>\n<\/div>\n<\/div>\n\n\n\n<div data-wp-class--is-open=\"state.isOpen\" data-wp-context=\"{ &quot;id&quot;: &quot;accordion-item-10&quot;, &quot;openByDefault&quot;: false }\" data-wp-init=\"callbacks.initAccordionItems\" data-wp-on-window--hashchange=\"callbacks.hashChange\" class=\"wp-block-accordion-item is-layout-flow wp-block-accordion-item-is-layout-flow\">\n<h3 class=\"wp-block-accordion-heading\"><button aria-expanded=\"false\" aria-controls=\"accordion-item-10-panel\" data-wp-bind--aria-expanded=\"state.isOpen\" data-wp-on--click=\"actions.toggle\" data-wp-on--keydown=\"actions.handleKeyDown\" id=\"accordion-item-10\" type=\"button\" class=\"wp-block-accordion-heading__toggle\"><span class=\"wp-block-accordion-heading__toggle-icon\" aria-hidden=\"true\">+<\/span><span class=\"wp-block-accordion-heading__toggle-title\">Poster<\/span><\/button><\/h3>\n\n\n\n<div inert aria-labelledby=\"accordion-item-10\" data-wp-bind--inert=\"!state.isOpen\" id=\"accordion-item-10-panel\" role=\"region\" class=\"wp-block-accordion-panel is-layout-flow wp-block-accordion-panel-is-layout-flow\">\n<figure class=\"wp-block-image size-large\"><img loading=\"lazy\" decoding=\"async\" width=\"723\" height=\"1024\" src=\"https:\/\/www.simonholy.com\/wp-content\/uploads\/2026\/01\/HW-1-scaled-1-723x1024.jpg\" alt=\"\" class=\"wp-image-516\" srcset=\"https:\/\/www.simonholy.com\/wp-content\/uploads\/2026\/01\/HW-1-scaled-1-723x1024.jpg 723w, https:\/\/www.simonholy.com\/wp-content\/uploads\/2026\/01\/HW-1-scaled-1-212x300.jpg 212w, https:\/\/www.simonholy.com\/wp-content\/uploads\/2026\/01\/HW-1-scaled-1-768x1087.jpg 768w, https:\/\/www.simonholy.com\/wp-content\/uploads\/2026\/01\/HW-1-scaled-1-1085x1536.jpg 1085w, https:\/\/www.simonholy.com\/wp-content\/uploads\/2026\/01\/HW-1-scaled-1-1446x2048.jpg 1446w, https:\/\/www.simonholy.com\/wp-content\/uploads\/2026\/01\/HW-1-scaled-1.jpg 1808w\" sizes=\"auto, (max-width: 723px) 100vw, 723px\" \/><\/figure>\n<\/div>\n<\/div>\n<\/div>\n<\/div>\n\n\n\n<div class=\"wp-block-group has-global-padding is-layout-constrained wp-container-core-group-is-layout-dcab3d09 wp-block-group-is-layout-constrained\" style=\"padding-top:0;padding-right:var(--wp--preset--spacing--30);padding-bottom:0;padding-left:var(--wp--preset--spacing--30)\">\n<hr class=\"wp-block-separator has-text-color has-contrast-color has-alpha-channel-opacity has-contrast-background-color has-background is-style-wide is-style-wide--11\"\/>\n<\/div>\n\n\n\n<p><\/p>","protected":false},"excerpt":{"rendered":"<p>Hello, Welcome 2024 T\u0159i mlad\u00e9 here\u010dky se spole\u010dn\u011b vyd\u00e1vaj\u00ed na filmov\u00fd festival do Karlov\u00fdch Var\u016f. \u00dasp\u011b\u0161n\u00e1 Ad\u00e9la se chyst\u00e1 p\u0159edstavit publiku sv\u016fj nov\u00fd film. Vyho\u0159el\u00e1 Ema jede Ad\u00e9lu podpo\u0159it. A bezstarostn\u00e1 So\u0148a si chce hlavn\u011b u\u017e\u00edt filmy a ve\u010d\u00edrky. Dny str\u00e1ven\u00e9 na festivalu se v\u0161ak nevyv\u00edjej\u00ed podle o\u010dek\u00e1v\u00e1n\u00ed a p\u0159\u00e1telstv\u00ed i kari\u00e9ry t\u0159\u00ed \u017een proch\u00e1zej\u00ed [&hellip;]<\/p>","protected":false},"author":1,"featured_media":0,"parent":0,"menu_order":0,"comment_status":"closed","ping_status":"closed","template":"","meta":{"footnotes":""},"class_list":["post-942","page","type-page","status-publish","hentry"],"aioseo_notices":[],"_links":{"self":[{"href":"https:\/\/www.simonholy.com\/en\/wp-json\/wp\/v2\/pages\/942","targetHints":{"allow":["GET"]}}],"collection":[{"href":"https:\/\/www.simonholy.com\/en\/wp-json\/wp\/v2\/pages"}],"about":[{"href":"https:\/\/www.simonholy.com\/en\/wp-json\/wp\/v2\/types\/page"}],"author":[{"embeddable":true,"href":"https:\/\/www.simonholy.com\/en\/wp-json\/wp\/v2\/users\/1"}],"replies":[{"embeddable":true,"href":"https:\/\/www.simonholy.com\/en\/wp-json\/wp\/v2\/comments?post=942"}],"version-history":[{"count":3,"href":"https:\/\/www.simonholy.com\/en\/wp-json\/wp\/v2\/pages\/942\/revisions"}],"predecessor-version":[{"id":945,"href":"https:\/\/www.simonholy.com\/en\/wp-json\/wp\/v2\/pages\/942\/revisions\/945"}],"wp:attachment":[{"href":"https:\/\/www.simonholy.com\/en\/wp-json\/wp\/v2\/media?parent=942"}],"curies":[{"name":"wp","href":"https:\/\/api.w.org\/{rel}","templated":true}]}}