{"id":654,"date":"2026-01-04T21:15:05","date_gmt":"2026-01-04T20:15:05","guid":{"rendered":"https:\/\/www.simonholy.com\/?page_id=654"},"modified":"2026-01-05T15:33:26","modified_gmt":"2026-01-05T14:33:26","slug":"rant-prostoru","status":"publish","type":"page","link":"https:\/\/www.simonholy.com\/en\/rant-prostoru\/","title":{"rendered":"Rant Prostoru"},"content":{"rendered":"<div class=\"wp-block-cover\"><img loading=\"lazy\" decoding=\"async\" width=\"720\" height=\"377\" sizes=\"auto, (max-width: 799px) 200vw, (max-width: 720px) 100vw, 720px\" class=\"wp-block-cover__image-background wp-image-655 size-full\" alt=\"\" src=\"https:\/\/www.simonholy.com\/wp-content\/uploads\/2026\/01\/rant-fb-hanka-simon.jpg\" style=\"object-position:50% 48%\" data-object-fit=\"cover\" data-object-position=\"50% 48%\" srcset=\"https:\/\/www.simonholy.com\/wp-content\/uploads\/2026\/01\/rant-fb-hanka-simon.jpg 720w, https:\/\/www.simonholy.com\/wp-content\/uploads\/2026\/01\/rant-fb-hanka-simon-300x157.jpg 300w\" \/><span aria-hidden=\"true\" class=\"wp-block-cover__background has-background-dim-0 has-background-dim\"><\/span><div class=\"wp-block-cover__inner-container is-layout-flow wp-block-cover-is-layout-flow\">\n<div style=\"height:var(--wp--preset--spacing--20)\" aria-hidden=\"true\" class=\"wp-block-spacer\"><\/div>\n<\/div><\/div>\n\n\n\n<div class=\"wp-block-columns alignfull is-not-stacked-on-mobile has-base-color has-contrast-background-color has-text-color has-background has-link-color wp-elements-00a0b48bd24e28c46f503f9570037546 is-layout-flex wp-container-core-columns-is-layout-02a2681a wp-block-columns-is-layout-flex\" style=\"margin-top:0;margin-bottom:0;padding-top:var(--wp--preset--spacing--40);padding-right:var(--wp--preset--spacing--40);padding-bottom:var(--wp--preset--spacing--40);padding-left:var(--wp--preset--spacing--40)\">\n<div class=\"wp-block-column is-layout-flow wp-block-column-is-layout-flow\" style=\"flex-basis:66.66%\">\n<div class=\"wp-block-group is-vertical is-content-justification-stretch is-layout-flex wp-container-core-group-is-layout-7e003bba wp-block-group-is-layout-flex\">\n<h2 class=\"wp-block-heading has-xx-large-font-size\">Rant Prostoru<\/h2>\n\n\n\n<p class=\"has-x-large-font-size\">2023-<\/p>\n<\/div>\n<\/div>\n\n\n\n<div class=\"wp-block-column is-layout-flow wp-block-column-is-layout-flow\" style=\"flex-basis:12vw\"><\/div>\n\n\n\n<div class=\"wp-block-column is-layout-flow wp-block-column-is-layout-flow\">\n<div class=\"wp-block-group is-content-justification-right is-nowrap is-layout-flex wp-container-core-group-is-layout-17124a9a wp-block-group-is-layout-flex\">\n<p class=\"has-text-align-left\" style=\"line-height:1;text-transform:uppercase;writing-mode:vertical-rl\">PODCAST <\/p>\n<\/div>\n<\/div>\n<\/div>\n\n\n\n<div class=\"wp-block-columns alignfull is-not-stacked-on-mobile has-base-color has-contrast-background-color has-text-color has-background has-link-color wp-elements-28db0269fbe612e5e8aee48b31390190 is-layout-flex wp-container-core-columns-is-layout-02a2681a wp-block-columns-is-layout-flex\" style=\"margin-top:0;margin-bottom:0;padding-top:var(--wp--preset--spacing--40);padding-right:var(--wp--preset--spacing--40);padding-bottom:var(--wp--preset--spacing--40);padding-left:var(--wp--preset--spacing--40)\">\n<div class=\"wp-block-column is-layout-flow wp-block-column-is-layout-flow\">\n<p class=\"has-large-font-size\">RANT Prostoru je nov\u00fd audioform\u00e1t revue Prostor s \u00fadern\u00fdmi, vypointovan\u00fdmi a autentick\u00fdmi v\u00fdpov\u011b\u010fmi na t\u00e9mata, kter\u00e9 v\u00e1s \u0161tvou. Rant Prostoru je zam\u011b\u0159en\u00fd na generaci lid\u00ed do t\u0159iceti let. Ti jsou mj. i jako host\u00e9 zv\u00e1ni, aby otev\u0159en\u011b kritizovali probl\u00e9my sou\u010dasn\u00e9ho sv\u011bta dot\u00fdkaj\u00edc\u00edch se jejich \u017eivot\u016f. S moder\u00e1tory podcastu Hanou Troj\u00e1nkovou Biriczovou nebo \u0160imonem Hol\u00fdm se v\u017edy pokus\u00ed naj\u00edt nebo navrhnout tak\u00e9 \u0159e\u0161en\u00ed.<\/p>\n<\/div>\n<\/div>\n\n\n\n<details class=\"wp-block-details has-base-color has-contrast-background-color has-text-color has-background has-link-color has-large-font-size wp-elements-c4f62d54f8842442b072c89d7cd71746 is-layout-flow wp-container-core-details-is-layout-ecf6b94c wp-block-details-is-layout-flow\" style=\"border-style:none;border-width:0px;padding-top:var(--wp--preset--spacing--30);padding-right:var(--wp--preset--spacing--40);padding-bottom:var(--wp--preset--spacing--30);padding-left:var(--wp--preset--spacing--40)\"><summary>Basic information<\/summary>\n<p class=\"has-large-font-size\">2023-, podcast, Revue Prostor<br>10-35 minut<\/p>\n<\/details>\n\n\n\n<details class=\"wp-block-details has-base-color has-contrast-background-color has-text-color has-background has-link-color has-large-font-size wp-elements-918dbfa01478d90bb9034b0f9e285038 is-layout-flow wp-container-core-details-is-layout-ecf6b94c wp-block-details-is-layout-flow\" style=\"border-style:none;border-width:0px;padding-top:var(--wp--preset--spacing--30);padding-right:var(--wp--preset--spacing--40);padding-bottom:var(--wp--preset--spacing--30);padding-left:var(--wp--preset--spacing--40)\"><summary>Streaming<\/summary>\n<p><a href=\"https:\/\/revueprostor.cz\/podcasty\" title=\"Web Revue Prostor\">Web Revue Prostor<\/a><\/p>\n\n\n\n<p><a href=\"https:\/\/www.youtube.com\/playlist?list=PL_tdQeveP0PLlxB45DFVJDxSL0C5MiTTp\" title=\"YouTube kan\u00e1l Reflexu\">YouTube kan\u00e1l Revue Prostor<\/a><\/p>\n\n\n\n<p><a href=\"https:\/\/open.spotify.com\/show\/4HGQxuRZP9kCkHlhQ0eDEH\" title=\"Spotify\">Spotify<\/a><\/p>\n<\/details>\n\n\n\n<p><\/p>","protected":false},"excerpt":{"rendered":"<p>Rant Prostoru 2023- PODCAST RANT Prostoru je nov\u00fd audioform\u00e1t revue Prostor s \u00fadern\u00fdmi, vypointovan\u00fdmi a autentick\u00fdmi v\u00fdpov\u011b\u010fmi na t\u00e9mata, kter\u00e9 v\u00e1s \u0161tvou. Rant Prostoru je zam\u011b\u0159en\u00fd na generaci lid\u00ed do t\u0159iceti let. Ti jsou mj. i jako host\u00e9 zv\u00e1ni, aby otev\u0159en\u011b kritizovali probl\u00e9my sou\u010dasn\u00e9ho sv\u011bta dot\u00fdkaj\u00edc\u00edch se jejich \u017eivot\u016f. S moder\u00e1tory podcastu Hanou Troj\u00e1nkovou Biriczovou [&hellip;]<\/p>","protected":false},"author":1,"featured_media":0,"parent":0,"menu_order":0,"comment_status":"closed","ping_status":"closed","template":"","meta":{"footnotes":""},"class_list":["post-654","page","type-page","status-publish","hentry"],"aioseo_notices":[],"_links":{"self":[{"href":"https:\/\/www.simonholy.com\/en\/wp-json\/wp\/v2\/pages\/654","targetHints":{"allow":["GET"]}}],"collection":[{"href":"https:\/\/www.simonholy.com\/en\/wp-json\/wp\/v2\/pages"}],"about":[{"href":"https:\/\/www.simonholy.com\/en\/wp-json\/wp\/v2\/types\/page"}],"author":[{"embeddable":true,"href":"https:\/\/www.simonholy.com\/en\/wp-json\/wp\/v2\/users\/1"}],"replies":[{"embeddable":true,"href":"https:\/\/www.simonholy.com\/en\/wp-json\/wp\/v2\/comments?post=654"}],"version-history":[{"count":5,"href":"https:\/\/www.simonholy.com\/en\/wp-json\/wp\/v2\/pages\/654\/revisions"}],"predecessor-version":[{"id":879,"href":"https:\/\/www.simonholy.com\/en\/wp-json\/wp\/v2\/pages\/654\/revisions\/879"}],"wp:attachment":[{"href":"https:\/\/www.simonholy.com\/en\/wp-json\/wp\/v2\/media?parent=654"}],"curies":[{"name":"wp","href":"https:\/\/api.w.org\/{rel}","templated":true}]}}