{"id":649,"date":"2026-01-04T21:09:40","date_gmt":"2026-01-04T20:09:40","guid":{"rendered":"https:\/\/www.simonholy.com\/?page_id=649"},"modified":"2026-01-05T15:33:44","modified_gmt":"2026-01-05T14:33:44","slug":"kompot","status":"publish","type":"page","link":"https:\/\/www.simonholy.com\/en\/kompot\/","title":{"rendered":"Kompot"},"content":{"rendered":"<div class=\"wp-block-cover is-light\"><img loading=\"lazy\" decoding=\"async\" width=\"2000\" height=\"1000\" sizes=\"auto, (max-width: 799px) 200vw, (max-width: 2000px) 100vw, 2000px\" class=\"wp-block-cover__image-background wp-image-651 size-full\" alt=\"\" src=\"https:\/\/www.simonholy.com\/wp-content\/uploads\/2026\/01\/kompot.jpg\" data-object-fit=\"cover\" srcset=\"https:\/\/www.simonholy.com\/wp-content\/uploads\/2026\/01\/kompot.jpg 2000w, https:\/\/www.simonholy.com\/wp-content\/uploads\/2026\/01\/kompot-300x150.jpg 300w, https:\/\/www.simonholy.com\/wp-content\/uploads\/2026\/01\/kompot-1024x512.jpg 1024w, https:\/\/www.simonholy.com\/wp-content\/uploads\/2026\/01\/kompot-768x384.jpg 768w, https:\/\/www.simonholy.com\/wp-content\/uploads\/2026\/01\/kompot-1536x768.jpg 1536w\" \/><span aria-hidden=\"true\" class=\"wp-block-cover__background has-background-dim-0 has-background-dim\"><\/span><div class=\"wp-block-cover__inner-container is-layout-flow wp-block-cover-is-layout-flow\">\n<div style=\"height:var(--wp--preset--spacing--20)\" aria-hidden=\"true\" class=\"wp-block-spacer\"><\/div>\n<\/div><\/div>\n\n\n\n<div class=\"wp-block-columns alignfull is-not-stacked-on-mobile has-base-color has-contrast-background-color has-text-color has-background has-link-color wp-elements-3236acd550e7ef07840ee94804afe5ac is-layout-flex wp-container-core-columns-is-layout-02a2681a wp-block-columns-is-layout-flex\" style=\"margin-top:0;margin-bottom:0;padding-top:var(--wp--preset--spacing--40);padding-right:var(--wp--preset--spacing--40);padding-bottom:var(--wp--preset--spacing--40);padding-left:var(--wp--preset--spacing--40)\">\n<div class=\"wp-block-column is-layout-flow wp-block-column-is-layout-flow\" style=\"flex-basis:66.66%\">\n<div class=\"wp-block-group is-vertical is-content-justification-stretch is-layout-flex wp-container-core-group-is-layout-7e003bba wp-block-group-is-layout-flex\">\n<h2 class=\"wp-block-heading has-xx-large-font-size\">Kompot<\/h2>\n\n\n\n<p class=\"has-x-large-font-size\">2015-2024<\/p>\n<\/div>\n<\/div>\n\n\n\n<div class=\"wp-block-column is-layout-flow wp-block-column-is-layout-flow\" style=\"flex-basis:12vw\"><\/div>\n\n\n\n<div class=\"wp-block-column is-layout-flow wp-block-column-is-layout-flow\">\n<div class=\"wp-block-group is-content-justification-right is-nowrap is-layout-flex wp-container-core-group-is-layout-17124a9a wp-block-group-is-layout-flex\">\n<p class=\"has-text-align-left\" style=\"line-height:1;text-transform:uppercase;writing-mode:vertical-rl\">PODCAST <\/p>\n<\/div>\n<\/div>\n<\/div>\n\n\n\n<div class=\"wp-block-columns alignfull is-not-stacked-on-mobile has-base-color has-contrast-background-color has-text-color has-background has-link-color wp-elements-98dd2e12e38aac38acd2cf7185eea8a5 is-layout-flex wp-container-core-columns-is-layout-02a2681a wp-block-columns-is-layout-flex\" style=\"margin-top:0;margin-bottom:0;padding-top:var(--wp--preset--spacing--40);padding-right:var(--wp--preset--spacing--40);padding-bottom:var(--wp--preset--spacing--40);padding-left:var(--wp--preset--spacing--40)\">\n<div class=\"wp-block-column is-layout-flow wp-block-column-is-layout-flow\">\n<p class=\"has-large-font-size\">Popkulturn\u00ed podcast Radia Wave, kter\u00fd ka\u017ed\u00fd t\u00fdden rozeb\u00edral novinky ze sv\u011bta film\u016f, seri\u00e1l\u016f i soci\u00e1ln\u00edch s\u00edt\u00ed. Moderoval \u0160imon Hol\u00fd a Hana Troj\u00e1nkov\u00e1 Biriczov\u00e1.<\/p>\n<\/div>\n<\/div>\n\n\n\n<details class=\"wp-block-details has-base-color has-contrast-background-color has-text-color has-background has-link-color has-large-font-size wp-elements-7c24998eeb23a6e0b10f5b12c16f814a is-layout-flow wp-container-core-details-is-layout-ecf6b94c wp-block-details-is-layout-flow\" style=\"border-style:none;border-width:0px;padding-top:var(--wp--preset--spacing--30);padding-right:var(--wp--preset--spacing--40);padding-bottom:var(--wp--preset--spacing--30);padding-left:var(--wp--preset--spacing--40)\"><summary>Basic information<\/summary>\n<p class=\"has-large-font-size\">2015-2024, podcast, \u010cesk\u00fd Rozhlas Radio Wave<br>40-60 minut<\/p>\n<\/details>\n\n\n\n<details class=\"wp-block-details has-base-color has-contrast-background-color has-text-color has-background has-link-color has-large-font-size wp-elements-ca1b1eaee5fa342e74e871ef320c5209 is-layout-flow wp-container-core-details-is-layout-ecf6b94c wp-block-details-is-layout-flow\" style=\"border-style:none;border-width:0px;padding-top:var(--wp--preset--spacing--30);padding-right:var(--wp--preset--spacing--40);padding-bottom:var(--wp--preset--spacing--30);padding-left:var(--wp--preset--spacing--40)\"><summary>Streaming<\/summary>\n<p><a href=\"https:\/\/wave.rozhlas.cz\/slejvak-5193738?page=32\" title=\"Web Reflexu\">Web Radia Wave<\/a><\/p>\n<\/details>\n\n\n\n<details class=\"wp-block-details has-base-color has-contrast-background-color has-text-color has-background has-link-color has-large-font-size wp-elements-b65d7a8b8c459eda23e55bd7daf2f808 is-layout-flow wp-container-core-details-is-layout-ecf6b94c wp-block-details-is-layout-flow\" style=\"border-style:none;border-width:0px;padding-top:var(--wp--preset--spacing--30);padding-right:var(--wp--preset--spacing--40);padding-bottom:var(--wp--preset--spacing--30);padding-left:var(--wp--preset--spacing--40)\"><summary>Awards<\/summary>\n<p class=\"has-large-font-size\">Podcast z\u00edskal dvakr\u00e1t des\u00e1t\u00e9 m\u00edsto v sout\u011b\u017ei Podcast roku v kategorii &#8222;Ve\u0159ejnopr\u00e1vn\u00ed podcasty&#8220;.<\/p>\n<\/details>\n\n\n\n<p><\/p>","protected":false},"excerpt":{"rendered":"<p>Kompot 2015-2024 PODCAST Popkulturn\u00ed podcast Radia Wave, kter\u00fd ka\u017ed\u00fd t\u00fdden rozeb\u00edral novinky ze sv\u011bta film\u016f, seri\u00e1l\u016f i soci\u00e1ln\u00edch s\u00edt\u00ed. Moderoval \u0160imon Hol\u00fd a Hana Troj\u00e1nkov\u00e1 Biriczov\u00e1.<\/p>","protected":false},"author":1,"featured_media":0,"parent":0,"menu_order":0,"comment_status":"closed","ping_status":"closed","template":"","meta":{"footnotes":""},"class_list":["post-649","page","type-page","status-publish","hentry"],"aioseo_notices":[],"_links":{"self":[{"href":"https:\/\/www.simonholy.com\/en\/wp-json\/wp\/v2\/pages\/649","targetHints":{"allow":["GET"]}}],"collection":[{"href":"https:\/\/www.simonholy.com\/en\/wp-json\/wp\/v2\/pages"}],"about":[{"href":"https:\/\/www.simonholy.com\/en\/wp-json\/wp\/v2\/types\/page"}],"author":[{"embeddable":true,"href":"https:\/\/www.simonholy.com\/en\/wp-json\/wp\/v2\/users\/1"}],"replies":[{"embeddable":true,"href":"https:\/\/www.simonholy.com\/en\/wp-json\/wp\/v2\/comments?post=649"}],"version-history":[{"count":5,"href":"https:\/\/www.simonholy.com\/en\/wp-json\/wp\/v2\/pages\/649\/revisions"}],"predecessor-version":[{"id":880,"href":"https:\/\/www.simonholy.com\/en\/wp-json\/wp\/v2\/pages\/649\/revisions\/880"}],"wp:attachment":[{"href":"https:\/\/www.simonholy.com\/en\/wp-json\/wp\/v2\/media?parent=649"}],"curies":[{"name":"wp","href":"https:\/\/api.w.org\/{rel}","templated":true}]}}