{"id":644,"date":"2026-01-04T21:06:03","date_gmt":"2026-01-04T20:06:03","guid":{"rendered":"https:\/\/www.simonholy.com\/?page_id=644"},"modified":"2026-01-05T15:33:05","modified_gmt":"2026-01-05T14:33:05","slug":"poprask","status":"publish","type":"page","link":"https:\/\/www.simonholy.com\/en\/poprask\/","title":{"rendered":"Poprask"},"content":{"rendered":"<div class=\"wp-block-cover\"><img loading=\"lazy\" decoding=\"async\" width=\"1920\" height=\"1080\" sizes=\"auto, (max-width: 799px) 200vw, (max-width: 1920px) 100vw, 1920px\" class=\"wp-block-cover__image-background wp-image-647 size-full\" alt=\"\" src=\"https:\/\/www.simonholy.com\/wp-content\/uploads\/2026\/01\/poprask2.jpg\" style=\"object-position:50% 31%\" data-object-fit=\"cover\" data-object-position=\"50% 31%\" srcset=\"https:\/\/www.simonholy.com\/wp-content\/uploads\/2026\/01\/poprask2.jpg 1920w, https:\/\/www.simonholy.com\/wp-content\/uploads\/2026\/01\/poprask2-300x169.jpg 300w, https:\/\/www.simonholy.com\/wp-content\/uploads\/2026\/01\/poprask2-1024x576.jpg 1024w, https:\/\/www.simonholy.com\/wp-content\/uploads\/2026\/01\/poprask2-768x432.jpg 768w, https:\/\/www.simonholy.com\/wp-content\/uploads\/2026\/01\/poprask2-1536x864.jpg 1536w\" \/><span aria-hidden=\"true\" class=\"wp-block-cover__background has-background-dim-0 has-background-dim\"><\/span><div class=\"wp-block-cover__inner-container is-layout-flow wp-block-cover-is-layout-flow\">\n<div style=\"height:var(--wp--preset--spacing--20)\" aria-hidden=\"true\" class=\"wp-block-spacer\"><\/div>\n<\/div><\/div>\n\n\n\n<div class=\"wp-block-columns alignfull is-not-stacked-on-mobile has-base-color has-contrast-background-color has-text-color has-background has-link-color wp-elements-4dd80265af17aaa8dea981461d650b1e is-layout-flex wp-container-core-columns-is-layout-02a2681a wp-block-columns-is-layout-flex\" style=\"margin-top:0;margin-bottom:0;padding-top:var(--wp--preset--spacing--40);padding-right:var(--wp--preset--spacing--40);padding-bottom:var(--wp--preset--spacing--40);padding-left:var(--wp--preset--spacing--40)\">\n<div class=\"wp-block-column is-layout-flow wp-block-column-is-layout-flow\" style=\"flex-basis:66.66%\">\n<div class=\"wp-block-group is-vertical is-content-justification-stretch is-layout-flex wp-container-core-group-is-layout-7e003bba wp-block-group-is-layout-flex\">\n<h2 class=\"wp-block-heading has-xx-large-font-size\">Poprask<\/h2>\n\n\n\n<p class=\"has-x-large-font-size\">2024-<\/p>\n<\/div>\n<\/div>\n\n\n\n<div class=\"wp-block-column is-layout-flow wp-block-column-is-layout-flow\" style=\"flex-basis:12vw\"><\/div>\n\n\n\n<div class=\"wp-block-column is-layout-flow wp-block-column-is-layout-flow\">\n<div class=\"wp-block-group is-content-justification-right is-nowrap is-layout-flex wp-container-core-group-is-layout-17124a9a wp-block-group-is-layout-flex\">\n<p class=\"has-text-align-left\" style=\"line-height:1;text-transform:uppercase;writing-mode:vertical-rl\">PODCAST <\/p>\n<\/div>\n<\/div>\n<\/div>\n\n\n\n<div class=\"wp-block-columns alignfull is-not-stacked-on-mobile has-base-color has-contrast-background-color has-text-color has-background has-link-color wp-elements-f1e5b70148a3d79c6968dc83cb1aabf7 is-layout-flex wp-container-core-columns-is-layout-02a2681a wp-block-columns-is-layout-flex\" style=\"margin-top:0;margin-bottom:0;padding-top:var(--wp--preset--spacing--40);padding-right:var(--wp--preset--spacing--40);padding-bottom:var(--wp--preset--spacing--40);padding-left:var(--wp--preset--spacing--40)\">\n<div class=\"wp-block-column is-layout-flow wp-block-column-is-layout-flow\">\n<p class=\"has-large-font-size\">Poprask je popkulturn\u00ed podcast Reflexu, ve kter\u00e9m zazn\u00ed mnohdy v\u00fdbu\u0161n\u00e9 n\u00e1zory Hany Troj\u00e1nkov\u00e9 Biriczov\u00e9 a \u0160imona Hol\u00e9ho. Nejnov\u011bj\u0161\u00ed skand\u00e1ly, vzpom\u00edn\u00e1n\u00ed na ud\u00e1losti, kter\u00e9 pohnuly na\u0161\u00ed spole\u010dnou pam\u011bt\u00ed a bizarn\u00ed detaily ze sv\u011bta lid\u00ed, o kter\u00fdch sly\u0161\u00edme \u010dasto jen z ob\u00e1lek bulv\u00e1rn\u00edch pl\u00e1tk\u016f. Nala\u010fte si Poprask ka\u017edou st\u0159edu a z\u016fsta\u0148te v obraze.<\/p>\n<\/div>\n<\/div>\n\n\n\n<details class=\"wp-block-details has-base-color has-contrast-background-color has-text-color has-background has-link-color has-large-font-size wp-elements-3d5386c8a019587bc75f1d069e633272 is-layout-flow wp-container-core-details-is-layout-ecf6b94c wp-block-details-is-layout-flow\" style=\"border-style:none;border-width:0px;padding-top:var(--wp--preset--spacing--30);padding-right:var(--wp--preset--spacing--40);padding-bottom:var(--wp--preset--spacing--30);padding-left:var(--wp--preset--spacing--40)\"><summary>Basic information<\/summary>\n<p class=\"has-large-font-size\"><strong>2024-, podcast, Reflex<\/strong><br>Webov\u00e1 str\u00e1nka: <a href=\"http:\/\/popraskpodcast.cz\" title=\"popraskpodcast.cz\">popraskpodcast.cz<\/a><br>30-75 minut<\/p>\n<\/details>\n\n\n\n<details class=\"wp-block-details has-base-color has-contrast-background-color has-text-color has-background has-link-color has-large-font-size wp-elements-06c6a79ae441e019a0468320cc04cd64 is-layout-flow wp-container-core-details-is-layout-ecf6b94c wp-block-details-is-layout-flow\" style=\"border-style:none;border-width:0px;padding-top:var(--wp--preset--spacing--30);padding-right:var(--wp--preset--spacing--40);padding-bottom:var(--wp--preset--spacing--30);padding-left:var(--wp--preset--spacing--40)\"><summary>Streaming a soci\u00e1ln\u00ed s\u00edt\u011b<\/summary>\n<p><a href=\"https:\/\/www.reflex.cz\/poprask\/\" title=\"Web Reflexu\">Web Reflexu<\/a><\/p>\n\n\n\n<p><a href=\"http:\/\/instagram.com\/popraskpodcast\" title=\"Instagram\">Instagram<\/a><\/p>\n\n\n\n<p><a href=\"https:\/\/www.youtube.com\/playlist?list=PLSZmKYADWsUSdXVlTbk6OGNzQ9Tn0qvRm\" title=\"YouTube kan\u00e1l Reflexu\">YouTube kan\u00e1l Reflexu<\/a><\/p>\n\n\n\n<p><a href=\"https:\/\/open.spotify.com\/show\/6C6vCuNKCdhBThfHBvY4t6\" title=\"Spotify\">Spotify<\/a><\/p>\n<\/details>\n\n\n\n<details class=\"wp-block-details has-base-color has-contrast-background-color has-text-color has-background has-link-color has-large-font-size wp-elements-43be957e958900acee8b77307f08c374 is-layout-flow wp-container-core-details-is-layout-ecf6b94c wp-block-details-is-layout-flow\" style=\"border-style:none;border-width:0px;padding-top:var(--wp--preset--spacing--30);padding-right:var(--wp--preset--spacing--40);padding-bottom:var(--wp--preset--spacing--30);padding-left:var(--wp--preset--spacing--40)\"><summary>Awards<\/summary>\n<p class=\"has-large-font-size\">Podcast roku 2025 (3. m\u00edsto v kategorii &#8222;Z\u00e1bava a rozhovory&#8220;)<\/p>\n<\/details>\n\n\n\n<p><\/p>","protected":false},"excerpt":{"rendered":"<p>Poprask 2024- PODCAST Poprask je popkulturn\u00ed podcast Reflexu, ve kter\u00e9m zazn\u00ed mnohdy v\u00fdbu\u0161n\u00e9 n\u00e1zory Hany Troj\u00e1nkov\u00e9 Biriczov\u00e9 a \u0160imona Hol\u00e9ho. Nejnov\u011bj\u0161\u00ed skand\u00e1ly, vzpom\u00edn\u00e1n\u00ed na ud\u00e1losti, kter\u00e9 pohnuly na\u0161\u00ed spole\u010dnou pam\u011bt\u00ed a bizarn\u00ed detaily ze sv\u011bta lid\u00ed, o kter\u00fdch sly\u0161\u00edme \u010dasto jen z ob\u00e1lek bulv\u00e1rn\u00edch pl\u00e1tk\u016f. Nala\u010fte si Poprask ka\u017edou st\u0159edu a z\u016fsta\u0148te v obraze.<\/p>","protected":false},"author":1,"featured_media":0,"parent":0,"menu_order":0,"comment_status":"closed","ping_status":"closed","template":"","meta":{"footnotes":""},"class_list":["post-644","page","type-page","status-publish","hentry"],"aioseo_notices":[],"_links":{"self":[{"href":"https:\/\/www.simonholy.com\/en\/wp-json\/wp\/v2\/pages\/644","targetHints":{"allow":["GET"]}}],"collection":[{"href":"https:\/\/www.simonholy.com\/en\/wp-json\/wp\/v2\/pages"}],"about":[{"href":"https:\/\/www.simonholy.com\/en\/wp-json\/wp\/v2\/types\/page"}],"author":[{"embeddable":true,"href":"https:\/\/www.simonholy.com\/en\/wp-json\/wp\/v2\/users\/1"}],"replies":[{"embeddable":true,"href":"https:\/\/www.simonholy.com\/en\/wp-json\/wp\/v2\/comments?post=644"}],"version-history":[{"count":7,"href":"https:\/\/www.simonholy.com\/en\/wp-json\/wp\/v2\/pages\/644\/revisions"}],"predecessor-version":[{"id":878,"href":"https:\/\/www.simonholy.com\/en\/wp-json\/wp\/v2\/pages\/644\/revisions\/878"}],"wp:attachment":[{"href":"https:\/\/www.simonholy.com\/en\/wp-json\/wp\/v2\/media?parent=644"}],"curies":[{"name":"wp","href":"https:\/\/api.w.org\/{rel}","templated":true}]}}