{"id":615,"date":"2026-01-04T05:06:03","date_gmt":"2026-01-04T04:06:03","guid":{"rendered":"https:\/\/www.simonholy.com\/?page_id=615"},"modified":"2026-01-05T15:31:53","modified_gmt":"2026-01-05T14:31:53","slug":"zrcadla-ve-tme-soundtrack","status":"publish","type":"page","link":"https:\/\/www.simonholy.com\/en\/zrcadla-ve-tme-soundtrack\/","title":{"rendered":"Zrcadla ve tm\u011b soundtrack"},"content":{"rendered":"<div style=\"aspect-ratio:auto;min-height:unset;\" class=\"wp-block-cover has-aspect-ratio\"><img loading=\"lazy\" decoding=\"async\" width=\"936\" height=\"388\" sizes=\"auto, (max-width: 799px) 125vw, (max-width: 936px) 100vw, 936px\" class=\"wp-block-cover__image-background wp-image-617 size-full\" alt=\"\" src=\"https:\/\/www.simonholy.com\/wp-content\/uploads\/2026\/01\/zrcadla2.jpg\" data-object-fit=\"cover\" srcset=\"https:\/\/www.simonholy.com\/wp-content\/uploads\/2026\/01\/zrcadla2.jpg 936w, https:\/\/www.simonholy.com\/wp-content\/uploads\/2026\/01\/zrcadla2-300x124.jpg 300w, https:\/\/www.simonholy.com\/wp-content\/uploads\/2026\/01\/zrcadla2-768x318.jpg 768w\" \/><span aria-hidden=\"true\" class=\"wp-block-cover__background has-contrast-background-color has-background-dim-100 has-background-dim\"><\/span><div class=\"wp-block-cover__inner-container is-layout-flow wp-block-cover-is-layout-flow\">\n<div class=\"wp-block-columns alignwide is-layout-flex wp-container-core-columns-is-layout-d0b3c9c8 wp-block-columns-is-layout-flex\">\n<div class=\"wp-block-column is-layout-flow wp-block-column-is-layout-flow\">\n<figure class=\"wp-block-image size-large is-resized\"><img loading=\"lazy\" decoding=\"async\" width=\"1024\" height=\"1024\" src=\"https:\/\/www.simonholy.com\/wp-content\/uploads\/2026\/01\/zrcadlasoundtrack-1024x1024.jpg\" alt=\"\" class=\"wp-image-566\" style=\"width:410px;height:auto\" srcset=\"https:\/\/www.simonholy.com\/wp-content\/uploads\/2026\/01\/zrcadlasoundtrack-1024x1024.jpg 1024w, https:\/\/www.simonholy.com\/wp-content\/uploads\/2026\/01\/zrcadlasoundtrack-300x300.jpg 300w, https:\/\/www.simonholy.com\/wp-content\/uploads\/2026\/01\/zrcadlasoundtrack-150x150.jpg 150w, https:\/\/www.simonholy.com\/wp-content\/uploads\/2026\/01\/zrcadlasoundtrack-768x768.jpg 768w, https:\/\/www.simonholy.com\/wp-content\/uploads\/2026\/01\/zrcadlasoundtrack.jpg 1200w\" sizes=\"auto, (max-width: 1024px) 100vw, 1024px\" \/><\/figure>\n<\/div>\n\n\n\n<div class=\"wp-block-column is-layout-flow wp-block-column-is-layout-flow\"><\/div>\n<\/div>\n<\/div><\/div>\n\n\n\n<div class=\"wp-block-columns alignfull is-not-stacked-on-mobile has-base-color has-contrast-background-color has-text-color has-background has-link-color wp-elements-94b913f2c0c29d923b528ccdeab91b1c is-layout-flex wp-container-core-columns-is-layout-02a2681a wp-block-columns-is-layout-flex\" style=\"margin-top:0;margin-bottom:0;padding-top:var(--wp--preset--spacing--40);padding-right:var(--wp--preset--spacing--40);padding-bottom:var(--wp--preset--spacing--40);padding-left:var(--wp--preset--spacing--40)\">\n<div class=\"wp-block-column is-layout-flow wp-block-column-is-layout-flow\" style=\"flex-basis:66.66%\">\n<div class=\"wp-block-group is-vertical is-content-justification-stretch is-layout-flex wp-container-core-group-is-layout-7e003bba wp-block-group-is-layout-flex\">\n<h2 class=\"wp-block-heading has-xx-large-font-size\">Zrcadla ve tm\u011b (OST)<\/h2>\n\n\n\n<p class=\"has-x-large-font-size\">2021<\/p>\n<\/div>\n<\/div>\n\n\n\n<div class=\"wp-block-column is-layout-flow wp-block-column-is-layout-flow\" style=\"flex-basis:12vw\"><\/div>\n\n\n\n<div class=\"wp-block-column is-layout-flow wp-block-column-is-layout-flow\">\n<div class=\"wp-block-group is-content-justification-right is-nowrap is-layout-flex wp-container-core-group-is-layout-17124a9a wp-block-group-is-layout-flex\">\n<p class=\"has-text-align-left\" style=\"line-height:1;text-transform:uppercase;writing-mode:vertical-rl\">ALBUM<\/p>\n<\/div>\n<\/div>\n<\/div>\n\n\n\n<div class=\"wp-block-columns alignfull is-not-stacked-on-mobile has-base-color has-contrast-background-color has-text-color has-background has-link-color wp-elements-2f5ae5f6ca36e4803b7c086f6870fcf8 is-layout-flex wp-container-core-columns-is-layout-02a2681a wp-block-columns-is-layout-flex\" style=\"margin-top:0;margin-bottom:0;padding-top:var(--wp--preset--spacing--40);padding-right:var(--wp--preset--spacing--40);padding-bottom:var(--wp--preset--spacing--40);padding-left:var(--wp--preset--spacing--40)\">\n<div class=\"wp-block-column is-layout-flow wp-block-column-is-layout-flow\">\n<p class=\"has-large-font-size\">Soundtrack k filmu Zrcadla ve tm\u011b kombinuje prvky filmov\u00e9 hudby, popov\u00fdch skladeb i pulzuj\u00edc\u00ed tane\u010dn\u00ed elektroniky. Nap\u0159\u00ed\u010d deskou se objevuj\u00ed popul\u00e1rn\u00ed \u010desk\u00e9 hudebnice jako Kl\u00e1ra Vytiskov\u00e1, Never Sol, Annabelle, Terra \u010di Hellwana. Krom\u011b nich hostuj\u00ed na skladb\u00e1ch tak\u00e9 Alena Dol\u00e1kov\u00e1, Ester Geislerov\u00e1 \u010di Eva Pa\u0161uldov\u00e1.<\/p>\n<\/div>\n<\/div>\n\n\n\n<details class=\"wp-block-details has-base-color has-contrast-background-color has-text-color has-background has-link-color has-large-font-size wp-elements-3107457fe49444f82244c440f963356d is-layout-flow wp-container-core-details-is-layout-ecf6b94c wp-block-details-is-layout-flow\" style=\"border-style:none;border-width:0px;padding-top:var(--wp--preset--spacing--30);padding-right:var(--wp--preset--spacing--40);padding-bottom:var(--wp--preset--spacing--30);padding-left:var(--wp--preset--spacing--40)\"><summary>Streaming<\/summary>\n<p class=\"has-link-color wp-elements-62836aad837a863ed09435ff5876b1d0\"><a href=\"https:\/\/simonholy.bandcamp.com\/album\/zrcadla-ve-tm-ost\" title=\"Bandcamp\">Bandcamp<\/a><br><a href=\"https:\/\/music.apple.com\/cz\/album\/zrcadla-ve-tm%C4%9B-original-motion-picture-soundtrack\/1750877766?l=cs\" title=\"Apple Music\">Apple Music<\/a><br><a href=\"https:\/\/open.spotify.com\/album\/3pol81UZJKx7OCM5LtPPyS\" title=\"Spotify\">Spotify<\/a><\/p>\n<\/details>\n\n\n\n<details class=\"wp-block-details has-base-color has-contrast-background-color has-text-color has-background has-link-color has-large-font-size wp-elements-7953dadd0a898ded504f3e2c28f19382 is-layout-flow wp-container-core-details-is-layout-ecf6b94c wp-block-details-is-layout-flow\" style=\"border-style:none;border-width:0px;padding-top:var(--wp--preset--spacing--30);padding-right:var(--wp--preset--spacing--40);padding-bottom:var(--wp--preset--spacing--30);padding-left:var(--wp--preset--spacing--40)\"><summary>Videoklipy<\/summary>\n<figure class=\"wp-block-embed is-type-video is-provider-youtube wp-block-embed-youtube wp-embed-aspect-16-9 wp-has-aspect-ratio\"><div class=\"wp-block-embed__wrapper\">\n<iframe loading=\"lazy\" title=\"\u0160imon Hol\u00fd, Terra - Don&#039;t Leave Me\" width=\"500\" height=\"281\" src=\"https:\/\/www.youtube.com\/embed\/CRhiBgRLWGw?feature=oembed\" frameborder=\"0\" allow=\"accelerometer; autoplay; clipboard-write; encrypted-media; gyroscope; picture-in-picture; web-share\" referrerpolicy=\"strict-origin-when-cross-origin\" allowfullscreen><\/iframe>\n<\/div><\/figure>\n\n\n\n<figure class=\"wp-block-embed is-type-video is-provider-youtube wp-block-embed-youtube wp-embed-aspect-16-9 wp-has-aspect-ratio\"><div class=\"wp-block-embed__wrapper\">\n<iframe loading=\"lazy\" title=\"\u0160imon Hol\u00fd, Annabelle - On the Dancefloor\" width=\"500\" height=\"281\" src=\"https:\/\/www.youtube.com\/embed\/kTbparxXdG0?feature=oembed\" frameborder=\"0\" allow=\"accelerometer; autoplay; clipboard-write; encrypted-media; gyroscope; picture-in-picture; web-share\" referrerpolicy=\"strict-origin-when-cross-origin\" allowfullscreen><\/iframe>\n<\/div><\/figure>\n\n\n\n<figure class=\"wp-block-embed is-type-video is-provider-youtube wp-block-embed-youtube wp-embed-aspect-16-9 wp-has-aspect-ratio\"><div class=\"wp-block-embed__wrapper\">\n<iframe loading=\"lazy\" title=\"\u0160imon Hol\u00fd, Eva Pa\u0161uldov\u00e1 - Take Me Anywhere\" width=\"500\" height=\"281\" src=\"https:\/\/www.youtube.com\/embed\/OI0xhTN2LZE?feature=oembed\" frameborder=\"0\" allow=\"accelerometer; autoplay; clipboard-write; encrypted-media; gyroscope; picture-in-picture; web-share\" referrerpolicy=\"strict-origin-when-cross-origin\" allowfullscreen><\/iframe>\n<\/div><\/figure>\n\n\n\n<figure class=\"wp-block-embed is-type-video is-provider-youtube wp-block-embed-youtube wp-embed-aspect-16-9 wp-has-aspect-ratio\"><div class=\"wp-block-embed__wrapper\">\n<iframe loading=\"lazy\" title=\"\u0160imon Hol\u00fd - Zrcadla ve tm\u011b (feat. Alena Dol\u00e1kov\u00e1) (ofici\u00e1ln\u00ed video)\" width=\"500\" height=\"281\" src=\"https:\/\/www.youtube.com\/embed\/-dG17SviDxs?feature=oembed\" frameborder=\"0\" allow=\"accelerometer; autoplay; clipboard-write; encrypted-media; gyroscope; picture-in-picture; web-share\" referrerpolicy=\"strict-origin-when-cross-origin\" allowfullscreen><\/iframe>\n<\/div><\/figure>\n<\/details>\n\n\n\n<details class=\"wp-block-details has-base-color has-contrast-background-color has-text-color has-background has-link-color has-large-font-size wp-elements-43f65f9d71a4a609542140472341f061 is-layout-flow wp-container-core-details-is-layout-ecf6b94c wp-block-details-is-layout-flow\" style=\"border-style:none;border-width:0px;padding-top:var(--wp--preset--spacing--30);padding-right:var(--wp--preset--spacing--40);padding-bottom:var(--wp--preset--spacing--30);padding-left:var(--wp--preset--spacing--40)\"><summary>Tracklist<\/summary>\n<ol class=\"wp-block-list\">\n<li class=\"has-medium-font-size\">Zrcadla ve tm\u011b (remix)<\/li>\n\n\n\n<li class=\"has-medium-font-size\">Don&#8217;t Leave Me (feat. Terra)<\/li>\n\n\n\n<li class=\"has-medium-font-size\">Closer (feat. S\u00e1ra V.)<\/li>\n\n\n\n<li class=\"has-medium-font-size\">Take Me Anywhere (feat. Eva Pa\u0161uldov\u00e1)<\/li>\n\n\n\n<li class=\"has-medium-font-size\">On the Dancefloor (feat. Annabelle)<\/li>\n\n\n\n<li class=\"has-medium-font-size\">Survive (feat. Kl\u00e1ra Vytiskov\u00e1, S\u00e1ra V.)<\/li>\n\n\n\n<li class=\"has-medium-font-size\">It Is Too Late To Leave Now<\/li>\n\n\n\n<li class=\"has-medium-font-size\">You and I (feat. Ester Geislerov\u00e1)<\/li>\n\n\n\n<li class=\"has-medium-font-size\">La La La (remix)<\/li>\n\n\n\n<li class=\"has-medium-font-size\">No Man&#8217;s Land (feat. Hellwana)<\/li>\n\n\n\n<li class=\"has-medium-font-size\">Vzpom\u00ednka (interlude)<\/li>\n\n\n\n<li class=\"has-medium-font-size\">Lou\u010den\u00ed ve tm\u011b<\/li>\n\n\n\n<li class=\"has-medium-font-size\">J\u00e1 a m\u016fj byt<\/li>\n\n\n\n<li class=\"has-medium-font-size\">Tanec smutku<\/li>\n\n\n\n<li class=\"has-medium-font-size\">Zrcadla ve tm\u011b (feat. Alena Dol\u00e1kov\u00e1)<\/li>\n<\/ol>\n<\/details>\n\n\n\n<div class=\"wp-block-columns is-layout-flex wp-container-core-columns-is-layout-d0b3c9c8 wp-block-columns-is-layout-flex\">\n<div class=\"wp-block-column is-layout-flow wp-block-column-is-layout-flow\" style=\"flex-basis:100%\">\n<details class=\"wp-block-details has-base-color has-contrast-background-color has-text-color has-background has-link-color has-large-font-size wp-elements-1c04f427e663bee429cc97aa68e2d2fd is-layout-flow wp-container-core-details-is-layout-ecf6b94c wp-block-details-is-layout-flow\" style=\"border-style:none;border-width:0px;padding-top:var(--wp--preset--spacing--30);padding-right:var(--wp--preset--spacing--40);padding-bottom:var(--wp--preset--spacing--30);padding-left:var(--wp--preset--spacing--40)\"><summary>Team<\/summary>\n<p class=\"has-medium-font-size\"><strong>Music<\/strong>:<br>\u0160imon Hol\u00fd<\/p>\n\n\n\n<p class=\"has-medium-font-size\"><strong>Texty:<\/strong><br>\u0160imon Hol\u00fd (1,3,4,5,6,7,8,9,15)<br>Terra (2)<br>S\u00e1ra V. aka Never Sol (3,6)<br>Eva Pa\u0161uldov\u00e1 (4)<br>Annabelle (5)<br>Walter Farmer Hart (5)<br>Kl\u00e1ra Vytiskov\u00e1 (6)<br>Hellwana (10)<\/p>\n\n\n\n<p class=\"has-medium-font-size\"><strong>Mix &amp; Master:<\/strong><br>Gargle and Expel (Tom\u00e1\u0161 Kar\u00e1sek)<\/p>\n<\/details>\n<\/div>\n<\/div>\n\n\n\n<p><\/p>","protected":false},"excerpt":{"rendered":"<p>Zrcadla ve tm\u011b (OST) 2021 ALBUM Soundtrack k filmu Zrcadla ve tm\u011b kombinuje prvky filmov\u00e9 hudby, popov\u00fdch skladeb i pulzuj\u00edc\u00ed tane\u010dn\u00ed elektroniky. Nap\u0159\u00ed\u010d deskou se objevuj\u00ed popul\u00e1rn\u00ed \u010desk\u00e9 hudebnice jako Kl\u00e1ra Vytiskov\u00e1, Never Sol, Annabelle, Terra \u010di Hellwana. Krom\u011b nich hostuj\u00ed na skladb\u00e1ch tak\u00e9 Alena Dol\u00e1kov\u00e1, Ester Geislerov\u00e1 \u010di Eva Pa\u0161uldov\u00e1.<\/p>","protected":false},"author":1,"featured_media":0,"parent":0,"menu_order":0,"comment_status":"closed","ping_status":"closed","template":"","meta":{"footnotes":""},"class_list":["post-615","page","type-page","status-publish","hentry"],"aioseo_notices":[],"_links":{"self":[{"href":"https:\/\/www.simonholy.com\/en\/wp-json\/wp\/v2\/pages\/615","targetHints":{"allow":["GET"]}}],"collection":[{"href":"https:\/\/www.simonholy.com\/en\/wp-json\/wp\/v2\/pages"}],"about":[{"href":"https:\/\/www.simonholy.com\/en\/wp-json\/wp\/v2\/types\/page"}],"author":[{"embeddable":true,"href":"https:\/\/www.simonholy.com\/en\/wp-json\/wp\/v2\/users\/1"}],"replies":[{"embeddable":true,"href":"https:\/\/www.simonholy.com\/en\/wp-json\/wp\/v2\/comments?post=615"}],"version-history":[{"count":11,"href":"https:\/\/www.simonholy.com\/en\/wp-json\/wp\/v2\/pages\/615\/revisions"}],"predecessor-version":[{"id":877,"href":"https:\/\/www.simonholy.com\/en\/wp-json\/wp\/v2\/pages\/615\/revisions\/877"}],"wp:attachment":[{"href":"https:\/\/www.simonholy.com\/en\/wp-json\/wp\/v2\/media?parent=615"}],"curies":[{"name":"wp","href":"https:\/\/api.w.org\/{rel}","templated":true}]}}