{"id":545,"date":"2026-01-03T23:33:12","date_gmt":"2026-01-03T22:33:12","guid":{"rendered":"https:\/\/www.simonholy.com\/?page_id=545"},"modified":"2026-01-06T02:15:12","modified_gmt":"2026-01-06T01:15:12","slug":"bio","status":"publish","type":"page","link":"https:\/\/www.simonholy.com\/en\/bio\/","title":{"rendered":"Bio"},"content":{"rendered":"<p class=\"has-large-font-size translation-block\" style=\"padding-right:var(--wp--preset--spacing--30);padding-left:var(--wp--preset--spacing--30)\"><strong>\u0160imon Hol\u00fd<\/strong> was born in 1994 in Prague. He studied directing of fiction films at FAMU. He founded the company <a href=\"http:\/\/www.prvnirada.cz\" target=\"_blank\" rel=\"noopener\" title=\"Prvn\u00ed \u0159ada\">Prvn\u00ed \u0159ada<\/a>  and is a member of the European Film Academy. His feature-length debut <strong><a href=\"https:\/\/www.simonholy.com\/en\/zrcadla-ve-tme\/\" title=\"Zrcadla ve tm\u011b\" target=\"_self\">Mirrors in the Dark<\/a><\/strong> (2021) premiered in Karlovy Vary and went on to screen around the world. The film was nominated for two Czech Film Critics\u2019 Awards, including Discovery of the Year. His second film <strong><a href=\"https:\/\/www.simonholy.com\/en\/a-pak-prisla-laska\/\" title=\"A pak p\u0159i\u0161la l\u00e1ska\u2026\" target=\"_self\">And Then There Was Love\u2026<\/a><\/strong> (2022) premiered in the Proxima Competition at the Karlovy Vary International Film Festival and was nominated for both the Czech Film Critics\u2019 Award and the Czech Lion Award. His third film <strong><a href=\"https:\/\/www.simonholy.com\/en\/hello-welcome\/\" title=\"Hello, Welcome\" target=\"_self\">Hello, Welcome<\/a><\/strong> (2024) opened the 50th edition of the Uhersk\u00e9 Hradi\u0161t\u011b Summer Film School. In 2026, his fourth film <strong><a href=\"https:\/\/www.simonholy.com\/en\/chica-checa\/\" title=\"Chica Checa\" target=\"_self\">Chica Checa<\/a><\/strong> will be released in cinemas.<br><br>\n\nHol\u00fd regularly performs as a DJ in clubs and at festivals (including Sziget and Rock for People) and has composed music for numerous films and podcasts. For the music he co-composed with Monika Omerzu Midriakov\u00e1 for Olmo Omerzu\u2019s film <strong>Winter Flies<\/strong>, he was nominated for a Czech Lion Award by the Czech Film and Television Academy. He was behind the Czech electronic music festival Elekce and has also been the music programmer of the Prague Pride festival for more than five years.<br><br>\n\nHe is a co-creator of the podcasts <strong><a href=\"https:\/\/www.simonholy.com\/en\/poprask\/\" title=\"Poprask\" target=\"_self\">Poprask<\/a><\/strong> (Reflex) and <strong><a href=\"https:\/\/www.simonholy.com\/en\/rant-prostoru\/\" title=\"Rant Prostoru\" target=\"_self\">Rant Prostoru<\/a><\/strong> (Revue Prostor). In the past, he collaborated with Czech Radio channel Radio Wave as a host of both live broadcasts and the podcast <strong><a href=\"https:\/\/www.simonholy.com\/en\/kompot\/\" title=\"Kompot\" target=\"_self\">Kompot<\/a><\/strong>. For Radio Wave, he also created two scripted audio series, <strong><a href=\"https:\/\/www.simonholy.com\/en\/zkouskovy\/\" title=\"Zkou\u0161kov\u00fd\" target=\"_self\">Exams of Life<\/a><\/strong> and <strong><a href=\"https:\/\/www.simonholy.com\/en\/rozchod\/\" title=\"Rozchod\" target=\"_self\">The Break-Up<\/a><\/strong>, both of which became listener hits.<\/p>\n\n\n\n<div class=\"wp-block-group alignwide has-global-padding is-layout-constrained wp-container-core-group-is-layout-b7552264 wp-block-group-is-layout-constrained\" style=\"margin-top:0;margin-bottom:0;padding-top:var(--wp--preset--spacing--30);padding-right:var(--wp--preset--spacing--30);padding-bottom:var(--wp--preset--spacing--20);padding-left:var(--wp--preset--spacing--30)\">\n<hr class=\"wp-block-separator alignwide has-text-color has-contrast-color has-alpha-channel-opacity has-contrast-background-color has-background is-style-wide is-style-wide--1\" style=\"margin-top:var(--wp--preset--spacing--30);margin-bottom:var(--wp--preset--spacing--30)\"\/>\n<\/div>\n\n\n\n<div class=\"wp-block-columns is-layout-flex wp-container-core-columns-is-layout-eaa07711 wp-block-columns-is-layout-flex\" style=\"padding-right:var(--wp--preset--spacing--30);padding-left:var(--wp--preset--spacing--30)\">\n<div class=\"wp-block-column is-layout-flow wp-block-column-is-layout-flow\">\n<figure class=\"wp-block-image size-large\"><img loading=\"lazy\" decoding=\"async\" width=\"768\" height=\"1024\" src=\"https:\/\/www.simonholy.com\/wp-content\/uploads\/2025\/11\/20250530_023920-768x1024.jpg\" alt=\"\" class=\"wp-image-49\" srcset=\"https:\/\/www.simonholy.com\/wp-content\/uploads\/2025\/11\/20250530_023920-768x1024.jpg 768w, https:\/\/www.simonholy.com\/wp-content\/uploads\/2025\/11\/20250530_023920-225x300.jpg 225w, https:\/\/www.simonholy.com\/wp-content\/uploads\/2025\/11\/20250530_023920-1152x1536.jpg 1152w, https:\/\/www.simonholy.com\/wp-content\/uploads\/2025\/11\/20250530_023920-1536x2048.jpg 1536w, https:\/\/www.simonholy.com\/wp-content\/uploads\/2025\/11\/20250530_023920-scaled.jpg 1920w\" sizes=\"auto, (max-width: 768px) 100vw, 768px\" \/><\/figure>\n<\/div>\n\n\n\n<div class=\"wp-block-column is-layout-flow wp-block-column-is-layout-flow\">\n<figure class=\"wp-block-image size-large\"><img loading=\"lazy\" decoding=\"async\" width=\"768\" height=\"1024\" src=\"https:\/\/www.simonholy.com\/wp-content\/uploads\/2025\/11\/Simonbw-768x1024.jpg\" alt=\"\" class=\"wp-image-288\" srcset=\"https:\/\/www.simonholy.com\/wp-content\/uploads\/2025\/11\/Simonbw-768x1024.jpg 768w, https:\/\/www.simonholy.com\/wp-content\/uploads\/2025\/11\/Simonbw-225x300.jpg 225w, https:\/\/www.simonholy.com\/wp-content\/uploads\/2025\/11\/Simonbw-1152x1536.jpg 1152w, https:\/\/www.simonholy.com\/wp-content\/uploads\/2025\/11\/Simonbw-1536x2048.jpg 1536w, https:\/\/www.simonholy.com\/wp-content\/uploads\/2025\/11\/Simonbw-scaled.jpg 1920w\" sizes=\"auto, (max-width: 768px) 100vw, 768px\" \/><\/figure>\n<\/div>\n<\/div>\n\n\n\n<p><\/p>","protected":false},"excerpt":{"rendered":"<p>\u0160imon\u00a0Hol\u00fd\u00a0se narodil v roce 1994 v Praze. Vystudoval katedru re\u017eie hran\u00e9ho filmu na FAMU. Zalo\u017eil spole\u010dnost Prvn\u00ed \u0159ada a je \u010dlenem Evropsk\u00e9 filmov\u00e9 akademie. Jeho celove\u010dern\u00ed debut Zrcadla ve tm\u011b (2021) m\u011bl premi\u00e9ru v Karlov\u00fdch Varech a oblet\u011bl cel\u00fd sv\u011bt. Film byl nominov\u00e1n na dv\u011b Ceny \u010desk\u00e9 filmov\u00e9 kritiky v\u010detn\u011b ceny pro Objev roku. Jeho [&hellip;]<\/p>","protected":false},"author":1,"featured_media":0,"parent":0,"menu_order":0,"comment_status":"closed","ping_status":"closed","template":"","meta":{"footnotes":""},"class_list":["post-545","page","type-page","status-publish","hentry"],"aioseo_notices":[],"_links":{"self":[{"href":"https:\/\/www.simonholy.com\/en\/wp-json\/wp\/v2\/pages\/545","targetHints":{"allow":["GET"]}}],"collection":[{"href":"https:\/\/www.simonholy.com\/en\/wp-json\/wp\/v2\/pages"}],"about":[{"href":"https:\/\/www.simonholy.com\/en\/wp-json\/wp\/v2\/types\/page"}],"author":[{"embeddable":true,"href":"https:\/\/www.simonholy.com\/en\/wp-json\/wp\/v2\/users\/1"}],"replies":[{"embeddable":true,"href":"https:\/\/www.simonholy.com\/en\/wp-json\/wp\/v2\/comments?post=545"}],"version-history":[{"count":11,"href":"https:\/\/www.simonholy.com\/en\/wp-json\/wp\/v2\/pages\/545\/revisions"}],"predecessor-version":[{"id":903,"href":"https:\/\/www.simonholy.com\/en\/wp-json\/wp\/v2\/pages\/545\/revisions\/903"}],"wp:attachment":[{"href":"https:\/\/www.simonholy.com\/en\/wp-json\/wp\/v2\/media?parent=545"}],"curies":[{"name":"wp","href":"https:\/\/api.w.org\/{rel}","templated":true}]}}