{"id":530,"date":"2026-01-03T23:23:37","date_gmt":"2026-01-03T22:23:37","guid":{"rendered":"https:\/\/www.simonholy.com\/?page_id=530"},"modified":"2026-01-05T15:34:29","modified_gmt":"2026-01-05T14:34:29","slug":"zkouskovy","status":"publish","type":"page","link":"https:\/\/www.simonholy.com\/en\/zkouskovy\/","title":{"rendered":"Exams of Life"},"content":{"rendered":"<div class=\"wp-block-cover\"><img loading=\"lazy\" decoding=\"async\" width=\"1920\" height=\"1080\" sizes=\"auto, (max-width: 799px) 200vw, (max-width: 1920px) 100vw, 1920px\" class=\"wp-block-cover__image-background wp-image-531 size-full\" alt=\"\" src=\"https:\/\/www.simonholy.com\/wp-content\/uploads\/2026\/01\/zkouskovy.png\" style=\"object-position:50% 57%\" data-object-fit=\"cover\" data-object-position=\"50% 57%\" srcset=\"https:\/\/www.simonholy.com\/wp-content\/uploads\/2026\/01\/zkouskovy.png 1920w, https:\/\/www.simonholy.com\/wp-content\/uploads\/2026\/01\/zkouskovy-300x169.png 300w, https:\/\/www.simonholy.com\/wp-content\/uploads\/2026\/01\/zkouskovy-1024x576.png 1024w, https:\/\/www.simonholy.com\/wp-content\/uploads\/2026\/01\/zkouskovy-768x432.png 768w, https:\/\/www.simonholy.com\/wp-content\/uploads\/2026\/01\/zkouskovy-1536x864.png 1536w\" \/><span aria-hidden=\"true\" class=\"wp-block-cover__background has-background-dim-0 has-background-dim\"><\/span><div class=\"wp-block-cover__inner-container is-layout-flow wp-block-cover-is-layout-flow\">\n<div style=\"height:var(--wp--preset--spacing--20)\" aria-hidden=\"true\" class=\"wp-block-spacer\"><\/div>\n<\/div><\/div>\n\n\n\n<div class=\"wp-block-columns alignfull is-not-stacked-on-mobile has-base-color has-contrast-background-color has-text-color has-background has-link-color wp-elements-3f858c3950fb355bddce1442c2abdf02 is-layout-flex wp-container-core-columns-is-layout-7ba87816 wp-block-columns-is-layout-flex\" style=\"margin-top:0;margin-bottom:0;padding-top:var(--wp--preset--spacing--40);padding-right:var(--wp--preset--spacing--30);padding-bottom:var(--wp--preset--spacing--40);padding-left:var(--wp--preset--spacing--30)\">\n<div class=\"wp-block-column is-layout-flow wp-block-column-is-layout-flow\" style=\"flex-basis:66.66%\">\n<div class=\"wp-block-group is-vertical is-content-justification-stretch is-layout-flex wp-container-core-group-is-layout-7e003bba wp-block-group-is-layout-flex\">\n<h2 class=\"wp-block-heading has-xx-large-font-size\">Exams of Life<\/h2>\n\n\n\n<p class=\"has-x-large-font-size\" style=\"padding-right:0;padding-left:0\">2020-2021<\/p>\n<\/div>\n<\/div>\n\n\n\n<div class=\"wp-block-column is-layout-flow wp-block-column-is-layout-flow\" style=\"flex-basis:12vw\"><\/div>\n\n\n\n<div class=\"wp-block-column is-layout-flow wp-block-column-is-layout-flow\">\n<div class=\"wp-block-group is-content-justification-right is-nowrap is-layout-flex wp-container-core-group-is-layout-17124a9a wp-block-group-is-layout-flex\">\n<p class=\"has-text-align-left\" style=\"line-height:1;text-transform:uppercase;writing-mode:vertical-rl\">PODCASTOV\u00fd <br>SERI\u00c1L<\/p>\n<\/div>\n<\/div>\n<\/div>\n\n\n\n<div class=\"wp-block-columns alignfull is-not-stacked-on-mobile has-base-color has-contrast-background-color has-text-color has-background has-link-color wp-elements-28f46b8baa3523528c220152157c1ab4 is-layout-flex wp-container-core-columns-is-layout-7ba87816 wp-block-columns-is-layout-flex\" style=\"margin-top:0;margin-bottom:0;padding-top:var(--wp--preset--spacing--40);padding-right:var(--wp--preset--spacing--30);padding-bottom:var(--wp--preset--spacing--40);padding-left:var(--wp--preset--spacing--30)\">\n<div class=\"wp-block-column is-layout-flow wp-block-column-is-layout-flow\" style=\"padding-right:0;padding-left:0\">\n<p class=\"has-large-font-size\">\u0160est hrdin\u016f a hrdinek v seri\u00e1lu \u0159e\u0161\u00ed to, co asi v\u0161ichni zn\u00e1me: vztahy, rozchody, rodi\u010de, \u0161kolu, pr\u00e1ci i ot\u00e1zku, k\u00fdm jsou a k\u00fdm cht\u011bj\u00ed b\u00fdt.<\/p>\n<\/div>\n<\/div>\n\n\n\n<p class=\"is-style-text-display has-base-color has-contrast-background-color has-text-color has-background has-link-color has-large-font-size wp-elements-357513126622371c804afedd7de14796 is-style-text-display--1\" style=\"padding-top:var(--wp--preset--spacing--30);padding-right:var(--wp--preset--spacing--30);padding-bottom:var(--wp--preset--spacing--30);padding-left:var(--wp--preset--spacing--30)\"><strong>1. \u0159ada (2020)<\/strong><br>Tom\u00e1\u0161 je medik, kter\u00fd by rad\u011bji v\u00edc \u017eil, ne\u017e studoval. Jeho sestra Ema, instagramov\u00e1 influencerka, se vzpamatov\u00e1v\u00e1 z t\u011b\u017ek\u00e9ho rozchodu. Pom\u00e1h\u00e1 j\u00ed kamar\u00e1dka Linh, kter\u00e1 by cht\u011bla b\u00fdt scen\u00e1ristkou, zat\u00edm ale studuje ekonomii. Co d\u00e1l se \u017eivotem \u0159e\u0161\u00ed hotelov\u00e1 recep\u010dn\u00ed Johana a tak\u00e9 mlad\u00fd tane\u010dn\u00edk Juraj, kter\u00fd pr\u00e1v\u011b proch\u00e1z\u00ed coming outem. Zden\u011bk se po n\u00e1vratu z Erasmu sna\u017e\u00ed vyrovnat s rozvodem rodi\u010d\u016f.<\/p>\n\n\n\n<p class=\"is-style-text-display has-base-color has-contrast-background-color has-text-color has-background has-link-color has-large-font-size wp-elements-b2c6f728f963a90deb9854b95d3b79ce is-style-text-display--2\" style=\"padding-top:var(--wp--preset--spacing--30);padding-right:var(--wp--preset--spacing--30);padding-bottom:var(--wp--preset--spacing--30);padding-left:var(--wp--preset--spacing--30)\"><strong>V\u00e1no\u010dn\u00ed speci\u00e1l (2020)<\/strong><br>Zamilovan\u00fd tane\u010dn\u00edk Juraj tr\u00e1v\u00ed V\u00e1noce se sv\u00fdm p\u0159\u00edtelem z Portugalska. Tom\u00e1\u0161 si u\u017e\u00edv\u00e1 n\u00e1vrat k rodi\u010d\u016fm. Linh je smutn\u00e1, proto\u017ee s n\u00ed Tom\u00e1\u0161 nem\u016f\u017ee b\u00fdt p\u0159es sv\u00e1tky, co\u017e se j\u00ed sna\u017e\u00ed vynahradit pohod\u00e1\u0159 Zden\u011bk tradi\u010dn\u00ed v\u00e1no\u010dn\u00ed hostinou. Johana dostane n\u00e1pad uspo\u0159\u00e1dat silvestrovskou party. Influencerka Ema si chce zv\u00fd\u0161it soci\u00e1ln\u00ed sk\u00f3re \u017eiv\u00fdm streamem z ve\u010d\u00edrku, o \u010dem\u017e zpo\u010d\u00e1tku nikomu ne\u0159ekne. Posledn\u00ed noc v roce p\u0159inese h\u00e1dky, samotu i nov\u00e9 za\u010d\u00e1tky.<\/p>\n\n\n\n<p class=\"is-style-text-display has-base-color has-contrast-background-color has-text-color has-background has-link-color has-large-font-size wp-elements-db139b17456257f2594066aa2d62cadd is-style-text-display--3\" style=\"padding-top:var(--wp--preset--spacing--30);padding-right:var(--wp--preset--spacing--30);padding-bottom:var(--wp--preset--spacing--30);padding-left:var(--wp--preset--spacing--30)\"><strong>2. \u0159ada (2021)<\/strong><br>Druh\u00e1 \u0159ada se v\u00edce zam\u011b\u0159uje na dramatick\u00e9 okolnosti \u017eivot\u016f hlavn\u00edch postav. Sleduje studentku politologie Johanu, kter\u00e1 \u0159e\u0161\u00ed registraci se svou p\u0159\u00edtelkyn\u00ed. Influencerka Ema rozj\u00ed\u017ed\u00ed nov\u00fd podcast, zat\u00edmco jej\u00ed bratr Tom\u00e1\u0161 se c\u00edt\u00ed v \u017eivot\u011b ztracen\u00fd. Linh p\u0159ech\u00e1z\u00ed z V\u0160E na scen\u00e1ristiku na FAMU a hled\u00e1 rovnov\u00e1hu mezi \u0161kolou, prac\u00ed a vztahem se Zde\u0148kem. Juraj stoj\u00ed p\u0159ed dilematem, zda se odst\u011bhovat za partnerem do Portugalska, nebo z\u016fstat v Praze. Novou hlavn\u00ed postavou je Krist\u00edna, studentka pr\u00e1v, kter\u00e1 \u010del\u00ed rasistick\u00fdm p\u0159edsudk\u016fm i obt\u011b\u017eov\u00e1n\u00ed ze strany pedagoga.<\/p>\n\n\n\n<details class=\"wp-block-details has-base-color has-contrast-background-color has-text-color has-background has-link-color has-large-font-size wp-elements-e3c1f602f4d57cb438bba2db195d9300 is-layout-flow wp-container-core-details-is-layout-ecf6b94c wp-block-details-is-layout-flow\" style=\"border-style:none;border-width:0px;padding-top:var(--wp--preset--spacing--30);padding-right:var(--wp--preset--spacing--40);padding-bottom:var(--wp--preset--spacing--30);padding-left:var(--wp--preset--spacing--40)\"><summary>Team<\/summary>\n<p><strong>Re\u017eie a hudba<\/strong>:<br>\u0160imon Hol\u00fd<\/p>\n\n\n\n<p><strong>Script by:<\/strong><br>Tereza Nov\u00e1kov\u00e1<br>\u0160imon Hol\u00fd<\/p>\n\n\n\n<p><strong>N\u00e1m\u011bt:<\/strong><br>\u0160imon Hol\u00fd<br>Tereza Nov\u00e1kov\u00e1<br>Hana \u0158i\u010dicov\u00e1<\/p>\n\n\n\n<p><strong>Dramaturgie:<\/strong><br>Kate\u0159ina Rathousk\u00e1<br>Hana \u0158i\u010dicov\u00e1 (1. \u0159ada)<\/p>\n\n\n\n<p><strong>Asistentka re\u017eie:<\/strong><br>Radka Tu\u010dkov\u00e1<\/p>\n\n\n\n<p><strong>Sound design a zvukov\u00fd mix:<\/strong><br>Adam Vone\u0161 (1. \u0159ada)<br>\u0160imon Hol\u00fd (V\u00e1no\u010dn\u00ed speci\u00e1l)<br>Jon\u00e1\u0161 Ros\u016flek (2. \u0159ada)<\/p>\n\n\n\n<p><strong>Koordin\u00e1tor projektu:<\/strong><br>Josef Kokta (V\u00e1no\u010dn\u00ed speci\u00e1l, 2. \u0159ada)<\/p>\n\n\n\n<p><strong>Re\u017eie spot\u016f:<\/strong><br>\u0160imon Hol\u00fd<\/p>\n\n\n\n<p><strong>Kamera, grading:<\/strong><br>Jana Hojdov\u00e1<\/p>\n\n\n\n<p><strong>Editor:<\/strong><br>Sabina Mladenov\u00e1<\/p>\n\n\n\n<p><strong>VFX:<\/strong><br>Jan Vont<\/p>\n\n\n\n<p><strong>Make-up:<\/strong><br>Ane\u017eka Karasov\u00e1<\/p>\n\n\n\n<p><strong>Marketing:<\/strong><br>Eli\u0161ka \u010cern\u00e1<\/p>\n\n\n\n<p><strong>Vizu\u00e1l:<\/strong><br>Michal Bud\u00ednsk\u00fd, Luk\u00e1\u0161 Honz\u00e1k<\/p>\n\n\n\n<p><strong>Foto epizod:<\/strong><br>Barbora Linkov\u00e1<\/p>\n\n\n\n<p><\/p>\n\n\n\n<p><strong>Hraj\u00ed:<\/strong><br>Cyril Dobr\u00fd (Tom\u00e1\u0161)<br>Gabriela Heclov\u00e1 (Ema)<br>Julie Ondra\u010dkov\u00e1  (Johana)<br>Vi Huyen Tranov\u00e1 (Linh)<br>Martin Beliansk\u00fd (Juraj)<br>Kry\u0161tof Barto\u0161 (Zden\u011bk)<br>Martina Znamen\u00e1\u010dkov\u00e1 (Krist\u00edna)<br><\/p>\n\n\n\n<p>Adam Joura (David)<br>Alena Dol\u00e1kov\u00e1 (\u0161\u00e9fov\u00e1)<br>Ane\u017eka Marie Novotn\u00e1 (Ad\u00e9la)<br>Anna B\u0159enkov\u00e1 (Sabina)<br>Anna Datiashvili (Zuzana)<br>Denisa Bare\u0161ov\u00e1 (Marta)<br>David Bolech (Marek)<br>Ha Thanh \u0160petl\u00edkov\u00e1 (sestra Linh)<br>Hana Igonda \u0160ev\u010d\u00edkov\u00e1 (Klaudie)<br>Hana Kulh\u00e1nkov\u00e1 (hostka podcastu <em>Ema Talk<\/em>)<br>Hanu\u0161 Bor (profesor)<br>Ivan Lupt\u00e1k (Adam)<br>Ivana Veselkov\u00e1 (Hole\u010dkov\u00e1)<br>Jaroslav Pokorn\u00fd (tramvaj\u00e1k)<br>Ji\u0159\u00ed \u0160tr\u00e9bl (prim\u00e1\u0159)<br>J\u00e1n Bavala (Peter)<br>Krist\u00fdna Jedli\u010dkov\u00e1 (Nikola)<br>Lum\u00edra P\u0159ichystalov\u00e1 (Monika)<br>Mariana Pracha\u0159ov\u00e1 (hostka podcastu <em>Ema Talk<\/em>)<br>Michaela Kuklov\u00e1 (Jitka)<br>Michal Bedn\u00e1\u0159 (vedouc\u00ed baru)<br>Miloslav K\u00f6nig (Michal)<br>Nat\u00e1lia Drabi\u0161\u010d\u00e1kov\u00e1 (Lucia)<br>Nata\u0161a Mikulov\u00e1 (Laura)<br>Petr Forman (Vladim\u00edr)<br>Petr Hal\u00ed\u010dek (Miroslav)<br>R\u016f\u017eena Merunkov\u00e1 (Milena)<br>S\u00e1ra Venclovsk\u00e1 (S\u00e1ra)<br>Simona Lewandovsk\u00e1 (Anna)<br>So\u0148a Beaumont (Lenka Petr\u00e1\u0148ov\u00e1)<br>Tereza Hofov\u00e1 (Erika Ba\u010d\u00e1kov\u00e1)<br>Tereza Nov\u00e1kov\u00e1 (holka z repostu)<br>V\u00e1clav \u0160anda (manager)<br>Veronika Lapkov\u00e1 (Nat\u00e1lie)<br>V\u00edtek Svoboda (Ond\u0159ej)<br>Viktor Dvo\u0159\u00e1k (nakladatel)<br>Zuzana Rejchov\u00e1 (\u017eena v restauraci)<br>Zuzana Slav\u00edkov\u00e1 (Marcela)<\/p>\n<\/details>\n\n\n\n<details class=\"wp-block-details has-base-color has-contrast-background-color has-text-color has-background has-link-color has-large-font-size wp-elements-e1e8d09869b4bd3a4ca827e7af1464b0 is-layout-flow wp-container-core-details-is-layout-ecf6b94c wp-block-details-is-layout-flow\" style=\"border-style:none;border-width:0px;padding-top:var(--wp--preset--spacing--30);padding-right:var(--wp--preset--spacing--40);padding-bottom:var(--wp--preset--spacing--30);padding-left:var(--wp--preset--spacing--40)\"><summary>Reviews<\/summary>\n<p class=\"has-large-font-size\"><strong>\u201eTento kvalitn\u00ed seri\u00e1l z produkce \u010cesk\u00e9ho rozhlasu si zaslou\u017e\u00ed pozornost, p\u016fsob\u00ed velmi re\u00e1ln\u011b a autenticky.\u201c<\/strong><\/p>\n\n\n\n<p class=\"is-style-text-subtitle has-medium-font-size is-style-text-subtitle--4\"><em>Miloslav Vach, iList.cz<\/em><\/p>\n\n\n\n<p><\/p>\n\n\n\n<p class=\"is-style-default\"><strong>\u201eZ mnoha d\u016fvod\u016f je skv\u011bl\u00e9, \u017ee seri\u00e1l vznikl. P\u0159in\u00e1\u0161\u00ed mnoho aktu\u00e1ln\u00edch spole\u010densk\u00fdch i soci\u00e1ln\u00edch t\u00e9mat a t\u00e9m\u011b\u0159 jist\u011b p\u0159il\u00e1k\u00e1 k rozhlasu nov\u00e9 poslucha\u010de.\u201c<\/strong><\/p>\n\n\n\n<p class=\"is-style-text-subtitle has-medium-font-size is-style-text-subtitle--5\"><em>Vil\u00e9m Falt\u00fdnek, Divadeln\u00ed noviny<\/em><\/p>\n<\/details>\n\n\n\n<p><\/p>","protected":false},"excerpt":{"rendered":"<p>Zkou\u0161kov\u00fd 2020-2021 PODCASTOV\u00fd SERI\u00c1L \u0160est hrdin\u016f a hrdinek v seri\u00e1lu \u0159e\u0161\u00ed to, co asi v\u0161ichni zn\u00e1me: vztahy, rozchody, rodi\u010de, \u0161kolu, pr\u00e1ci i ot\u00e1zku, k\u00fdm jsou a k\u00fdm cht\u011bj\u00ed b\u00fdt. 1. \u0159ada (2020)Tom\u00e1\u0161 je medik, kter\u00fd by rad\u011bji v\u00edc \u017eil, ne\u017e studoval. Jeho sestra Ema, instagramov\u00e1 influencerka, se vzpamatov\u00e1v\u00e1 z t\u011b\u017ek\u00e9ho rozchodu. Pom\u00e1h\u00e1 j\u00ed kamar\u00e1dka Linh, [&hellip;]<\/p>","protected":false},"author":1,"featured_media":0,"parent":0,"menu_order":0,"comment_status":"closed","ping_status":"closed","template":"","meta":{"footnotes":""},"class_list":["post-530","page","type-page","status-publish","hentry"],"aioseo_notices":[],"_links":{"self":[{"href":"https:\/\/www.simonholy.com\/en\/wp-json\/wp\/v2\/pages\/530","targetHints":{"allow":["GET"]}}],"collection":[{"href":"https:\/\/www.simonholy.com\/en\/wp-json\/wp\/v2\/pages"}],"about":[{"href":"https:\/\/www.simonholy.com\/en\/wp-json\/wp\/v2\/types\/page"}],"author":[{"embeddable":true,"href":"https:\/\/www.simonholy.com\/en\/wp-json\/wp\/v2\/users\/1"}],"replies":[{"embeddable":true,"href":"https:\/\/www.simonholy.com\/en\/wp-json\/wp\/v2\/comments?post=530"}],"version-history":[{"count":7,"href":"https:\/\/www.simonholy.com\/en\/wp-json\/wp\/v2\/pages\/530\/revisions"}],"predecessor-version":[{"id":882,"href":"https:\/\/www.simonholy.com\/en\/wp-json\/wp\/v2\/pages\/530\/revisions\/882"}],"wp:attachment":[{"href":"https:\/\/www.simonholy.com\/en\/wp-json\/wp\/v2\/media?parent=530"}],"curies":[{"name":"wp","href":"https:\/\/api.w.org\/{rel}","templated":true}]}}