{"id":526,"date":"2026-01-03T23:04:55","date_gmt":"2026-01-03T22:04:55","guid":{"rendered":"https:\/\/www.simonholy.com\/?page_id=526"},"modified":"2026-01-05T15:34:06","modified_gmt":"2026-01-05T14:34:06","slug":"rozchod","status":"publish","type":"page","link":"https:\/\/www.simonholy.com\/en\/rozchod\/","title":{"rendered":"The Break-Up"},"content":{"rendered":"<div class=\"wp-block-cover\"><img loading=\"lazy\" decoding=\"async\" width=\"2100\" height=\"1400\" sizes=\"auto, (max-width: 799px) 200vw, (max-width: 2100px) 100vw, 2100px\" class=\"wp-block-cover__image-background wp-image-527 size-full\" alt=\"\" src=\"https:\/\/www.simonholy.com\/wp-content\/uploads\/2026\/01\/Rozchod.jpg\" style=\"object-position:50% 24%\" data-object-fit=\"cover\" data-object-position=\"50% 24%\" srcset=\"https:\/\/www.simonholy.com\/wp-content\/uploads\/2026\/01\/Rozchod.jpg 2100w, https:\/\/www.simonholy.com\/wp-content\/uploads\/2026\/01\/Rozchod-300x200.jpg 300w, https:\/\/www.simonholy.com\/wp-content\/uploads\/2026\/01\/Rozchod-1024x683.jpg 1024w, https:\/\/www.simonholy.com\/wp-content\/uploads\/2026\/01\/Rozchod-768x512.jpg 768w, https:\/\/www.simonholy.com\/wp-content\/uploads\/2026\/01\/Rozchod-1536x1024.jpg 1536w, https:\/\/www.simonholy.com\/wp-content\/uploads\/2026\/01\/Rozchod-2048x1365.jpg 2048w\" \/><span aria-hidden=\"true\" class=\"wp-block-cover__background has-background-dim-0 has-background-dim\"><\/span><div class=\"wp-block-cover__inner-container is-layout-flow wp-block-cover-is-layout-flow\">\n<div style=\"height:var(--wp--preset--spacing--20)\" aria-hidden=\"true\" class=\"wp-block-spacer\"><\/div>\n<\/div><\/div>\n\n\n\n<div class=\"wp-block-columns alignfull is-not-stacked-on-mobile has-base-color has-contrast-background-color has-text-color has-background has-link-color wp-elements-4fd323843cf0453de0dec8035eb02a4a is-layout-flex wp-container-core-columns-is-layout-02a2681a wp-block-columns-is-layout-flex\" style=\"margin-top:0;margin-bottom:0;padding-top:var(--wp--preset--spacing--40);padding-right:var(--wp--preset--spacing--40);padding-bottom:var(--wp--preset--spacing--40);padding-left:var(--wp--preset--spacing--40)\">\n<div class=\"wp-block-column is-layout-flow wp-block-column-is-layout-flow\" style=\"flex-basis:66.66%\">\n<div class=\"wp-block-group is-vertical is-content-justification-stretch is-layout-flex wp-container-core-group-is-layout-7e003bba wp-block-group-is-layout-flex\">\n<h2 class=\"wp-block-heading has-xx-large-font-size\">The Break-Up<\/h2>\n\n\n\n<p class=\"has-x-large-font-size\">2022<\/p>\n<\/div>\n<\/div>\n\n\n\n<div class=\"wp-block-column is-layout-flow wp-block-column-is-layout-flow\" style=\"flex-basis:12vw\"><\/div>\n\n\n\n<div class=\"wp-block-column is-layout-flow wp-block-column-is-layout-flow\">\n<div class=\"wp-block-group is-content-justification-right is-nowrap is-layout-flex wp-container-core-group-is-layout-17124a9a wp-block-group-is-layout-flex\">\n<p class=\"has-text-align-left\" style=\"line-height:1;text-transform:uppercase;writing-mode:vertical-rl\">PODCASTOV\u00fd <br>SERI\u00c1L<\/p>\n<\/div>\n<\/div>\n<\/div>\n\n\n\n<div class=\"wp-block-columns alignfull is-not-stacked-on-mobile has-base-color has-contrast-background-color has-text-color has-background has-link-color wp-elements-da9e3941ceebd6a12406567605378248 is-layout-flex wp-container-core-columns-is-layout-02a2681a wp-block-columns-is-layout-flex\" style=\"margin-top:0;margin-bottom:0;padding-top:var(--wp--preset--spacing--40);padding-right:var(--wp--preset--spacing--40);padding-bottom:var(--wp--preset--spacing--40);padding-left:var(--wp--preset--spacing--40)\">\n<div class=\"wp-block-column is-layout-flow wp-block-column-is-layout-flow\">\n<p class=\"has-large-font-size\">Denisa a Honza spolu str\u00e1vili deset let. Te\u010f se v nahr\u00e1vac\u00edm studiu ohl\u00ed\u017eej\u00ed za sv\u00fdm vztahem, aby zjistili, pro\u010d se roze\u0161li. D\u00edky audionahr\u00e1vk\u00e1m, kter\u00e9 Denisa v pr\u016fb\u011bhu jejich spole\u010dn\u00e9ho \u017eivota nato\u010dila, se no\u0159\u00ed do hlubin vlastn\u00edch vzpom\u00ednek. Jsme s nimi u sezn\u00e1men\u00ed, prvn\u00edch h\u00e1dek, na svatebn\u00ed cest\u011b, ale i ve chv\u00edl\u00edch, kdy \u0159\u00edkaj\u00ed slova, kter\u00e1 u\u017e nelze vz\u00edt zp\u00e1tky. Denisa s Honzou hledaj\u00ed odpov\u011b\u010f na to, kde se stala chyba a jestli se dalo rozchodu zabr\u00e1nit.<\/p>\n<\/div>\n<\/div>\n\n\n\n<details class=\"wp-block-details has-base-color has-contrast-background-color has-text-color has-background has-link-color has-large-font-size wp-elements-82f0f0766bec459b24ab353b308325e4 is-layout-flow wp-container-core-details-is-layout-ecf6b94c wp-block-details-is-layout-flow\" style=\"border-style:none;border-width:0px;padding-top:var(--wp--preset--spacing--30);padding-right:var(--wp--preset--spacing--40);padding-bottom:var(--wp--preset--spacing--30);padding-left:var(--wp--preset--spacing--40)\"><summary>Basic information<\/summary>\n<p class=\"has-large-font-size\">2022, podcastov\u00fd seri\u00e1l, \u010cesk\u00fd rozhlas Radio Wave<br>Webov\u00e1 str\u00e1nka: <a href=\"https:\/\/wave.rozhlas.cz\/rozchod\">https:\/\/wave.rozhlas.cz\/rozchod<\/a><br>6 \u00d7 10\u201320 minut<\/p>\n<\/details>\n\n\n\n<details class=\"wp-block-details has-base-color has-contrast-background-color has-text-color has-background has-link-color has-large-font-size wp-elements-d23c9398c0c1893562837457263c4f8d is-layout-flow wp-container-core-details-is-layout-ecf6b94c wp-block-details-is-layout-flow\" style=\"border-style:none;border-width:0px;padding-top:var(--wp--preset--spacing--30);padding-right:var(--wp--preset--spacing--40);padding-bottom:var(--wp--preset--spacing--30);padding-left:var(--wp--preset--spacing--40)\"><summary>Team<\/summary>\n<p class=\"has-large-font-size\"><strong>Re\u017eie, n\u00e1m\u011bt a hudba<\/strong>:<br>\u0160imon Hol\u00fd<\/p>\n\n\n\n<p class=\"has-large-font-size\"><strong>Script by:<\/strong><br>\u0160imon Hol\u00fd, Denisa Bare\u0161ov\u00e1, Jan Nedbal<\/p>\n\n\n\n<p class=\"has-large-font-size\"><strong>Dramaturgie:<\/strong><br>Kate\u0159ina Rathousk\u00e1, Josef Kokta<\/p>\n\n\n\n<p class=\"has-large-font-size\"><strong>Asistentka re\u017eie:<\/strong><br>Radka Tu\u010dkov\u00e1<\/p>\n\n\n\n<p class=\"has-large-font-size\"><strong>Sound design a zvukov\u00fd mix:<\/strong><br>Luka \u0160uto<\/p>\n\n\n\n<p class=\"has-large-font-size\"><strong>Hraj\u00ed:<\/strong><br>Denisa Bare\u0161ov\u00e1, Jan Nedbal a dal\u0161\u00ed<\/p>\n<\/details>\n\n\n\n<details class=\"wp-block-details has-base-color has-contrast-background-color has-text-color has-background has-link-color has-large-font-size wp-elements-93ae500c8c52ffa3b33a0c1db268d8d7 is-layout-flow wp-container-core-details-is-layout-ecf6b94c wp-block-details-is-layout-flow\" style=\"border-style:none;border-width:0px;padding-top:var(--wp--preset--spacing--30);padding-right:var(--wp--preset--spacing--40);padding-bottom:var(--wp--preset--spacing--30);padding-left:var(--wp--preset--spacing--40)\"><summary>Reviews<\/summary>\n<p class=\"has-large-font-size\"><strong>\u201eChytr\u00e1 reflexe vztah\u016f s lidskou tv\u00e1\u0159\u00ed.\u201c<\/strong><\/p>\n\n\n\n<p class=\"is-style-text-subtitle has-medium-font-size is-style-text-subtitle--1\"><em>Jana Pato\u010dkov\u00e1, Heroine.cz<\/em><\/p>\n\n\n\n<p><\/p>\n\n\n\n<p class=\"is-style-default has-large-font-size\"><strong>\u201eSeri\u00e1l dovedn\u011b balancuje mezi fikc\u00ed a realitou. Interpreti hlavn\u00edch postav jsou spoluautory sc\u00e9n\u00e1\u0159e, dialogy zn\u011bj\u00ed velmi autenticky, nestrojen\u011b, jako by byly zachyceny mikrofonem v&nbsp;re\u00e1ln\u00fdch situac\u00edch.\u201c<\/strong><\/p>\n\n\n\n<p class=\"is-style-text-subtitle has-medium-font-size is-style-text-subtitle--2\"><em>Vil\u00e9m Falt\u00fdnek, Divadeln\u00ed noviny<\/em><\/p>\n<\/details>\n\n\n\n<details class=\"wp-block-details has-base-color has-contrast-background-color has-text-color has-background has-link-color has-large-font-size wp-elements-872511bd176ea70c10806a744d858d36 is-layout-flow wp-container-core-details-is-layout-ecf6b94c wp-block-details-is-layout-flow\" style=\"border-style:none;border-width:0px;padding-top:var(--wp--preset--spacing--30);padding-right:var(--wp--preset--spacing--40);padding-bottom:var(--wp--preset--spacing--30);padding-left:var(--wp--preset--spacing--40)\"><summary>Awards<\/summary>\n<p class=\"has-large-font-size\"><strong>Prix Bohemia Radio<\/strong><br>Nominace v kategorii Podcast<\/p>\n<\/details>","protected":false},"excerpt":{"rendered":"<p>Rozchod 2022 PODCASTOV\u00fd SERI\u00c1L Denisa a Honza spolu str\u00e1vili deset let. Te\u010f se v nahr\u00e1vac\u00edm studiu ohl\u00ed\u017eej\u00ed za sv\u00fdm vztahem, aby zjistili, pro\u010d se roze\u0161li. D\u00edky audionahr\u00e1vk\u00e1m, kter\u00e9 Denisa v pr\u016fb\u011bhu jejich spole\u010dn\u00e9ho \u017eivota nato\u010dila, se no\u0159\u00ed do hlubin vlastn\u00edch vzpom\u00ednek. Jsme s nimi u sezn\u00e1men\u00ed, prvn\u00edch h\u00e1dek, na svatebn\u00ed cest\u011b, ale i ve chv\u00edl\u00edch, [&hellip;]<\/p>","protected":false},"author":1,"featured_media":0,"parent":0,"menu_order":0,"comment_status":"closed","ping_status":"closed","template":"","meta":{"footnotes":""},"class_list":["post-526","page","type-page","status-publish","hentry"],"aioseo_notices":[],"_links":{"self":[{"href":"https:\/\/www.simonholy.com\/en\/wp-json\/wp\/v2\/pages\/526","targetHints":{"allow":["GET"]}}],"collection":[{"href":"https:\/\/www.simonholy.com\/en\/wp-json\/wp\/v2\/pages"}],"about":[{"href":"https:\/\/www.simonholy.com\/en\/wp-json\/wp\/v2\/types\/page"}],"author":[{"embeddable":true,"href":"https:\/\/www.simonholy.com\/en\/wp-json\/wp\/v2\/users\/1"}],"replies":[{"embeddable":true,"href":"https:\/\/www.simonholy.com\/en\/wp-json\/wp\/v2\/comments?post=526"}],"version-history":[{"count":6,"href":"https:\/\/www.simonholy.com\/en\/wp-json\/wp\/v2\/pages\/526\/revisions"}],"predecessor-version":[{"id":881,"href":"https:\/\/www.simonholy.com\/en\/wp-json\/wp\/v2\/pages\/526\/revisions\/881"}],"wp:attachment":[{"href":"https:\/\/www.simonholy.com\/en\/wp-json\/wp\/v2\/media?parent=526"}],"curies":[{"name":"wp","href":"https:\/\/api.w.org\/{rel}","templated":true}]}}